
{"id":9942,"date":"2020-11-12T22:19:49","date_gmt":"2020-11-13T03:19:49","guid":{"rendered":"http:\/\/webdesignofsarasota.com\/aldesdev\/?page_id=9942"},"modified":"2025-10-24T08:29:42","modified_gmt":"2025-10-24T12:29:42","slug":"carrieres","status":"publish","type":"page","link":"https:\/\/old.aldes-na.com\/fr\/carrieres\/","title":{"rendered":"Carri\u00e8res"},"content":{"rendered":"\n<h2 class=\"wp-block-heading has-text-align-center\">EXPLOREZ LES OPPORTUNIT\u00c9S CHEZ ALDES<\/h2>\n\n\n\n<p><\/p>\n\n\n\n<figure class=\"wp-block-video aligncenter\"><video height=\"1080\" style=\"aspect-ratio: 1920 \/ 1080;\" width=\"1920\" autoplay controls muted src=\"https:\/\/www.aldes-na.com\/wp-content\/uploads\/2021\/03\/Work-For-Us-FR.mp4\"><\/video><\/figure>\n\n\n\n<h3 class=\"wp-block-heading has-text-align-center\">Aldes Am\u00e9rique du Nord est r\u00e9guli\u00e8rement \u00e0 la recherche de nouveaux candidats et nouvelles candidates pour combler des postes, particuli\u00e8rement dans les domaines de l\u2019ing\u00e9nierie, de l\u2019administration et de la fabrication.<\/h3>\n\n\n\n<hr class=\"wp-block-separator has-css-opacity\"\/>\n\n\n\n<h3 class=\"wp-block-heading has-text-align-left\"><strong>Postes disponibles<\/strong><\/h3>\n\n\n\n<div class=\"wp-block-columns is-layout-flex wp-container-core-columns-is-layout-9d6595d7 wp-block-columns-is-layout-flex\">\n<div class=\"wp-block-column is-layout-flow wp-block-column-is-layout-flow\">\n<p>&nbsp;<\/p>\n\n\n\n<p><strong>CANADA<\/strong><\/p>\n\n\n\n<p><a href=\"https:\/\/www.jobillico.com\/fr\/offre-d-emploi\/aldes-amerique-du-nord\/conseiller-en-ressources-humaines\/16466917\" data-type=\"link\" data-id=\"https:\/\/www.jobillico.com\/fr\/offre-d-emploi\/aldes-amerique-du-nord\/conseiller-en-ressources-humaines\/16466917\">Conseiller en\u00a0ressources humaines<\/a><\/p>\n\n\n\n<p><a href=\"https:\/\/www.jobillico.com\/fr\/offre-d-emploi\/aldes-amerique-du-nord\/ingenieur-d-application\/16476263\" data-type=\"link\" data-id=\"https:\/\/www.jobillico.com\/fr\/offre-d-emploi\/aldes-amerique-du-nord\/ingenieur-d-application\/16476263\">Ing\u00e9nieur d\u2019application\u00a0<\/a><\/p>\n\n\n\n<p><a href=\"https:\/\/www.jobillico.com\/fr\/offre-d-emploi\/aldes-amerique-du-nord\/directeur-ressources-humaines-amerique-du-nord\/16405615\">Directeur ressources humaines<\/a><\/p>\n\n\n\n<p><a href=\"https:\/\/www.jobillico.com\/fr\/offre-d-emploi\/aldes-amerique-du-nord\/charge-de-projets-r-d\/15959054\">Charg\u00e9 de projet R et D<\/a><\/p>\n\n\n\n<p><a href=\"https:\/\/www.jobillico.com\/fr\/offre-d-emploi\/aldes-amerique-du-nord\/assembleur-journalier-jour-\/15154546\">Assembleur &#8211; Journalier (jour)<\/a><\/p>\n\n\n\n<p><a href=\"https:\/\/www.jobillico.com\/fr\/offre-d-emploi\/aldes-amerique-du-nord\/assembleur-journalier-soir-\/15592180\">Assembleur &#8211; Journalier (soir)<\/a><\/p>\n\n\n\n<p><strong>\u00c9TATS-UNIS<\/strong><\/p>\n<\/div>\n<\/div>\n\n\n\n<hr class=\"wp-block-separator has-css-opacity\"\/>\n\n\n\n<h3 class=\"wp-block-heading has-text-align-left\"><strong>Les avantages ALDES&#8230;<\/strong><\/h3>\n\n\n\n<div class=\"wp-block-columns is-layout-flex wp-container-core-columns-is-layout-9d6595d7 wp-block-columns-is-layout-flex\">\n<div class=\"wp-block-column is-layout-flow wp-block-column-is-layout-flow\"><div class=\"wp-block-image\">\n<figure class=\"aligncenter size-large\"><img loading=\"lazy\" decoding=\"async\" width=\"87\" height=\"86\" src=\"https:\/\/www.aldes-na.com\/wp-content\/uploads\/2021\/03\/Fichier-3.png\" alt=\"\" class=\"wp-image-13856\"\/><\/figure>\n<\/div>\n\n\n<p class=\"has-text-align-center\">Conciliation travail &#8211; vie priv\u00e9e<\/p>\n<\/div>\n\n\n\n<div class=\"wp-block-column is-layout-flow wp-block-column-is-layout-flow\"><div class=\"wp-block-image\">\n<figure class=\"aligncenter size-large\"><img loading=\"lazy\" decoding=\"async\" width=\"86\" height=\"87\" src=\"https:\/\/www.aldes-na.com\/wp-content\/uploads\/2021\/03\/Fichier-1.png\" alt=\"\" class=\"wp-image-13853\"\/><\/figure>\n<\/div>\n\n\n<p class=\"has-text-align-center\">Assurances collectives<\/p>\n<\/div>\n\n\n\n<div class=\"wp-block-column is-layout-flow wp-block-column-is-layout-flow\"><div class=\"wp-block-image\">\n<figure class=\"aligncenter size-large\"><img loading=\"lazy\" decoding=\"async\" width=\"86\" height=\"87\" src=\"https:\/\/www.aldes-na.com\/wp-content\/uploads\/2021\/03\/Fichier-5.png\" alt=\"\" class=\"wp-image-13862\"\/><\/figure>\n<\/div>\n\n\n<p class=\"has-text-align-center\">Formation en continue<\/p>\n<\/div>\n\n\n\n<div class=\"wp-block-column is-layout-flow wp-block-column-is-layout-flow\"><div class=\"wp-block-image\">\n<figure class=\"aligncenter size-large is-resized\"><img decoding=\"async\" src=\"https:\/\/www.aldes-na.com\/wp-content\/uploads\/2024\/07\/HR-benefits-web-pictograms3.png\" alt=\"\" style=\"width:87px;height:auto\"\/><\/figure>\n<\/div>\n\n\n<p class=\"has-text-align-center\">Programme de reconnaissance<\/p>\n<\/div>\n\n\n\n<div class=\"wp-block-column is-layout-flow wp-block-column-is-layout-flow\"><div class=\"wp-block-image\">\n<figure class=\"aligncenter size-large is-resized\"><img decoding=\"async\" src=\"https:\/\/www.aldes-na.com\/wp-content\/uploads\/2024\/07\/HR-benefits-web-pictograms4.png\" alt=\"\" style=\"width:87px;height:auto\"\/><\/figure>\n<\/div>\n\n\n<p class=\"has-text-align-center\">Remboursement des cotisations aux ordres professionnels<\/p>\n<\/div>\n<\/div>\n\n\n\n<div class=\"wp-block-columns is-layout-flex wp-container-core-columns-is-layout-9d6595d7 wp-block-columns-is-layout-flex\">\n<div class=\"wp-block-column is-layout-flow wp-block-column-is-layout-flow\"><div class=\"wp-block-image\">\n<figure class=\"aligncenter size-large\"><img loading=\"lazy\" decoding=\"async\" width=\"87\" height=\"86\" src=\"https:\/\/www.aldes-na.com\/wp-content\/uploads\/2021\/03\/Fichier-8.png\" alt=\"\" class=\"wp-image-13875\"\/><\/figure>\n<\/div>\n\n\n<p class=\"has-text-align-center\">Vacances<\/p>\n<\/div>\n\n\n\n<div class=\"wp-block-column is-layout-flow wp-block-column-is-layout-flow\"><div class=\"wp-block-image\">\n<figure class=\"aligncenter size-large\"><img loading=\"lazy\" decoding=\"async\" width=\"86\" height=\"86\" src=\"https:\/\/www.aldes-na.com\/wp-content\/uploads\/2021\/03\/Fichier-7.png\" alt=\"\" class=\"wp-image-13881\"\/><\/figure>\n<\/div>\n\n\n<p class=\"has-text-align-center\">Activit\u00e9s sociales<\/p>\n<\/div>\n\n\n\n<div class=\"wp-block-column is-layout-flow wp-block-column-is-layout-flow\"><div class=\"wp-block-image\">\n<figure class=\"aligncenter size-large\"><img loading=\"lazy\" decoding=\"async\" width=\"86\" height=\"86\" src=\"https:\/\/www.aldes-na.com\/wp-content\/uploads\/2021\/03\/Fichier-6.png\" alt=\"\" class=\"wp-image-13878\"\/><\/figure>\n<\/div>\n\n\n<p class=\"has-text-align-center\">Cong\u00e9s personnels mobiles<\/p>\n<\/div>\n\n\n\n<div class=\"wp-block-column is-layout-flow wp-block-column-is-layout-flow\"><div class=\"wp-block-image\">\n<figure class=\"aligncenter size-large is-resized\"><img decoding=\"async\" src=\"https:\/\/www.aldes-na.com\/wp-content\/uploads\/2024\/07\/HR-benefits-web-pictograms.png\" alt=\"\" style=\"width:87px;height:auto\"\/><\/figure>\n<\/div>\n\n\n<p class=\"has-text-align-center\">R\u00e9gime de retraite<\/p>\n<\/div>\n\n\n\n<div class=\"wp-block-column is-layout-flow wp-block-column-is-layout-flow\"><div class=\"wp-block-image\">\n<figure class=\"aligncenter size-large is-resized\"><img decoding=\"async\" src=\"https:\/\/www.aldes-na.com\/wp-content\/uploads\/2024\/07\/HR-benefits-web-pictograms2.png\" alt=\"\" style=\"width:87px;height:auto\"\/><\/figure>\n<\/div>\n\n\n<p class=\"has-text-align-center\">Comit\u00e9 social<\/p>\n<\/div>\n<\/div>\n\n\n\n<hr class=\"wp-block-separator has-alpha-channel-opacity\"\/>\n\n\n\n<h3 class=\"wp-block-heading has-text-align-center\">Vous n&#8217;avez pas trouv\u00e9 l\u2019emploi recherch\u00e9 parmi nos affichages? Sachez que nous sommes toujours int\u00e9ress\u00e9s par de nouveaux talents! Nous vous invitons \u00e0 nous envoyer une <a href=\"https:\/\/www.aldes-na.com\/fr\/?page_id=14845&preview=true\"><strong><em>candidature spontan\u00e9e<\/em><\/strong><\/a> ou envoyez votre CV directement \u00e0 <a href=\"mailto:cv-nam@aldes.com\" target=\"_blank\" rel=\"noreferrer noopener\"><strong>cv-nam@aldes.com<\/strong><\/a>.<\/h3>\n\n\n\n<p>&nbsp;<\/p>\n\n\n\n<p><\/p>\n\n\n\n<p>&nbsp;<\/p>\n\n\n\n<figure class=\"wp-block-gallery aligncenter has-nested-images columns-default is-cropped columns-1 wp-block-gallery-1 is-layout-flex wp-block-gallery-is-layout-flex\"><\/figure>\n\n\n\n<div class=\"wp-block-columns is-layout-flex wp-container-core-columns-is-layout-9d6595d7 wp-block-columns-is-layout-flex\">\n<div class=\"wp-block-column is-layout-flow wp-block-column-is-layout-flow\" style=\"flex-basis:100%\">\n<div class=\"wp-block-group\"><div class=\"wp-block-group__inner-container is-layout-flow wp-block-group-is-layout-flow\">\n<div class=\"wp-block-columns is-layout-flex wp-container-core-columns-is-layout-9d6595d7 wp-block-columns-is-layout-flex\">\n<div class=\"wp-block-column is-layout-flow wp-block-column-is-layout-flow\"><\/div>\n\n\n\n<div class=\"wp-block-column is-layout-flow wp-block-column-is-layout-flow\"><\/div>\n\n\n\n<div class=\"wp-block-column is-layout-flow wp-block-column-is-layout-flow\"><\/div>\n<\/div>\n<\/div><\/div>\n<\/div>\n<\/div>\n","protected":false},"excerpt":{"rendered":"<p>EXPLOREZ LES OPPORTUNIT\u00c9S CHEZ ALDES Aldes Am\u00e9rique du Nord est r\u00e9guli\u00e8rement \u00e0 la recherche de nouveaux candidats et nouvelles candidates pour combler des postes, particuli\u00e8rement dans les domaines de l\u2019ing\u00e9nierie, de l\u2019administration et de la fabrication. Postes disponibles &nbsp; CANADA Conseiller en\u00a0ressources humaines Ing\u00e9nieur d\u2019application\u00a0 Directeur ressources humaines Charg\u00e9 de projet R et D Assembleur&#8230;  <a class=\"excerpt-read-more\" href=\"https:\/\/old.aldes-na.com\/fr\/carrieres\/\" title=\"LireCarri\u00e8res\">Lire la suite<\/a><\/p>\n","protected":false},"author":4,"featured_media":9943,"parent":0,"menu_order":0,"comment_status":"closed","ping_status":"closed","template":"page-wide.php","meta":{"footnotes":""},"class_list":["post-9942","page","type-page","status-publish","has-post-thumbnail","hentry"],"acf":[],"_links":{"self":[{"href":"https:\/\/old.aldes-na.com\/fr\/wp-json\/wp\/v2\/pages\/9942","targetHints":{"allow":["GET"]}}],"collection":[{"href":"https:\/\/old.aldes-na.com\/fr\/wp-json\/wp\/v2\/pages"}],"about":[{"href":"https:\/\/old.aldes-na.com\/fr\/wp-json\/wp\/v2\/types\/page"}],"author":[{"embeddable":true,"href":"https:\/\/old.aldes-na.com\/fr\/wp-json\/wp\/v2\/users\/4"}],"replies":[{"embeddable":true,"href":"https:\/\/old.aldes-na.com\/fr\/wp-json\/wp\/v2\/comments?post=9942"}],"version-history":[{"count":227,"href":"https:\/\/old.aldes-na.com\/fr\/wp-json\/wp\/v2\/pages\/9942\/revisions"}],"predecessor-version":[{"id":24213,"href":"https:\/\/old.aldes-na.com\/fr\/wp-json\/wp\/v2\/pages\/9942\/revisions\/24213"}],"wp:featuredmedia":[{"embeddable":true,"href":"https:\/\/old.aldes-na.com\/fr\/wp-json\/wp\/v2\/media\/9943"}],"wp:attachment":[{"href":"https:\/\/old.aldes-na.com\/fr\/wp-json\/wp\/v2\/media?parent=9942"}],"curies":[{"name":"wp","href":"https:\/\/api.w.org\/{rel}","templated":true}]}}