
{"id":9420,"date":"2017-12-13T16:51:27","date_gmt":"2017-12-13T16:51:27","guid":{"rendered":"http:\/\/webdesignofsarasota.com\/aldesdev\/?page_id=9420"},"modified":"2024-12-23T14:30:47","modified_gmt":"2024-12-23T19:30:47","slug":"ressources","status":"publish","type":"page","link":"https:\/\/old.aldes-na.com\/fr\/ventilation-commerciale\/ressources\/","title":{"rendered":"Ressources"},"content":{"rendered":"<div id=\"pl-9420\"  class=\"panel-layout\" ><div id=\"pg-9420-0\"  class=\"panel-grid panel-has-style\" ><div class=\"resources-section panel-row-style panel-row-style-for-9420-0\" ><div id=\"pgc-9420-0-0\"  class=\"panel-grid-cell\" ><div id=\"panel-9420-0-0-0\" class=\"so-panel widget widget_sow-editor panel-first-child\" data-index=\"0\" ><div\n\t\t\t\n\t\t\tclass=\"so-widget-sow-editor so-widget-sow-editor-base\"\n\t\t\t\n\t\t><h3 class=\"widget-title\">Catalogue de produits 2022<\/h3>\n<div class=\"siteorigin-widget-tinymce textwidget\">\n\t<div class=\"siteorigin-widget-tinymce textwidget\">\n<h5><\/h5>\n<h5><strong><img loading=\"lazy\" decoding=\"async\" class=\"alignnone wp-image-17466 \" src=\"https:\/\/www.aldes-na.com\/wp-content\/uploads\/2022\/05\/2022_CANADA_PRICE-LIST_FRENCH_NOPRICE_0522_Page_01-791x1024.jpg\" alt=\"\" width=\"301\" height=\"390\" srcset=\"https:\/\/old.aldes-na.com\/wp-content\/uploads\/2022\/05\/2022_CANADA_PRICE-LIST_FRENCH_NOPRICE_0522_Page_01-791x1024.jpg 791w, https:\/\/old.aldes-na.com\/wp-content\/uploads\/2022\/05\/2022_CANADA_PRICE-LIST_FRENCH_NOPRICE_0522_Page_01-232x300.jpg 232w, https:\/\/old.aldes-na.com\/wp-content\/uploads\/2022\/05\/2022_CANADA_PRICE-LIST_FRENCH_NOPRICE_0522_Page_01-768x994.jpg 768w, https:\/\/old.aldes-na.com\/wp-content\/uploads\/2022\/05\/2022_CANADA_PRICE-LIST_FRENCH_NOPRICE_0522_Page_01-1187x1536.jpg 1187w, https:\/\/old.aldes-na.com\/wp-content\/uploads\/2022\/05\/2022_CANADA_PRICE-LIST_FRENCH_NOPRICE_0522_Page_01-1583x2048.jpg 1583w, https:\/\/old.aldes-na.com\/wp-content\/uploads\/2022\/05\/2022_CANADA_PRICE-LIST_FRENCH_NOPRICE_0522_Page_01-scaled.jpg 1979w\" sizes=\"auto, (max-width: 301px) 100vw, 301px\" \/><\/strong><\/h5>\n<h5><strong><a href=\"https:\/\/catalogs.aldes-na.com\/view\/815575\/\" target=\"_blank\" rel=\"noopener noreferrer\">catalogue de produits 2022 (PDF)<\/a><\/strong><\/h5>\n<p><span class=\"text-small\">Gamme compl\u00e8te des produits Aldes (prix non inclus)<\/span><\/p>\n<div id=\"pg-12401-0\" class=\"panel-grid panel-no-style\">\n<div id=\"pgc-12401-0-0\" class=\"panel-grid-cell\">\n<div id=\"panel-12401-0-0-0\" class=\"so-panel widget widget_sow-editor panel-first-child panel-last-child\" data-index=\"0\">\n<div class=\"so-widget-sow-editor so-widget-sow-editor-base\">\n<div class=\"siteorigin-widget-tinymce textwidget\">\n<p><span class=\"text-small\"><a href=\"https:\/\/www.aldes-na.com\/fr\/nous-joindre\/\">Contactez-nous<\/a>\u00a0pour obtenir le catague de produits avec les prix.<\/span><\/p>\n<\/div>\n<\/div>\n<\/div>\n<\/div>\n<\/div>\n<div id=\"pg-12401-1\" class=\"panel-grid panel-no-style\">\n<div id=\"pgc-12401-1-0\" class=\"panel-grid-cell\">\n<div id=\"panel-12401-1-0-0\" class=\"so-panel widget widget_sow-editor panel-first-child\" data-index=\"1\">\n<div class=\"so-widget-sow-editor so-widget-sow-editor-base\">\n<div class=\"siteorigin-widget-tinymce textwidget\"><\/div>\n<\/div>\n<\/div>\n<\/div>\n<\/div>\n<\/div>\n<\/div>\n<\/div><\/div><div id=\"panel-9420-0-0-1\" class=\"so-panel widget widget_sow-editor\" data-index=\"1\" ><div\n\t\t\t\n\t\t\tclass=\"so-widget-sow-editor so-widget-sow-editor-base\"\n\t\t\t\n\t\t><h3 class=\"widget-title\">Manuels d'installation commerciale<\/h3>\n<div class=\"siteorigin-widget-tinymce textwidget\">\n\t<div class=\"siteorigin-widget-tinymce textwidget\">\n<ul>\n<li><span style=\"color: #333399;\"><strong><a style=\"color: #333399;\" href=\"https:\/\/www.aldes-na.com\/wp-content\/uploads\/2021\/11\/Guide609242FR-Rev-20210604_withADDENDUM.pdf\">Commercial L\u00e9ger<\/a><span class=\"text-small\"><br \/>\n<\/span><\/strong><\/span><\/li>\n<li><a href=\"https:\/\/www.aldes-na.com\/wp-content\/uploads\/2021\/10\/AdvancedSeries_CE_CH_Models_IOM_FRENCH.pdf\"><span style=\"color: #333399;\"><strong>S\u00e9rie \u00c9volution<\/strong><\/span><\/a><\/li>\n<li><span style=\"color: #333399;\"><strong><a style=\"color: #333399;\" href=\"https:\/\/www.aldes-na.com\/wp-content\/uploads\/2021\/06\/609605_Residential_IOM-FR-R8.pdf\">Qualit\u00e9 d'air int\u00e9rieur pour immeubles collectifs \/ R\u00e9sidentiel<\/a><\/strong><\/span><\/li>\n<\/ul>\n<\/div>\n<\/div>\n<\/div><\/div><div id=\"panel-9420-0-0-2\" class=\"so-panel widget widget_sow-editor panel-last-child\" data-index=\"2\" ><div\n\t\t\t\n\t\t\tclass=\"so-widget-sow-editor so-widget-sow-editor-base\"\n\t\t\t\n\t\t><h3 class=\"widget-title\">Outils<\/h3>\n<div class=\"siteorigin-widget-tinymce textwidget\">\n\t<div class=\"siteorigin-widget-tinymce textwidget\">\n<p><a href=\"https:\/\/library.aldes-na.com\/category\/all-categories\"><strong>Biblioth\u00e8que CAD et BIM<\/strong><\/a><\/p>\n<p><strong><a href=\"https:\/\/www.aldes-na.com\/wp-content\/uploads\/2024\/12\/FR-CA-FAQ-PRODUITS-AIRSIDE-231224.pdf\">Foire aux questions - Produits Airside<\/a><\/strong><\/p>\n<p><strong><a href=\"https:\/\/www.aldes-na.com\/wp-content\/uploads\/2024\/12\/Foire-aux-questions-echangeurs-dair-201224.pdf\">Foire aux questions - \u00c9changeurs d'air<\/a><\/strong><\/p>\n<p><a href=\"https:\/\/software.aldes.com\/logiciel\/Install_SelectorAeromaticHRV_ERV_v.1.13.0.0.exe\"><strong>Logiciel Selector VRC\/VRE<\/strong><\/a><span class=\"text-small\"><br \/>\nT\u00e9l\u00e9chargement PC uniquement. Fichier ex\u00e9cutable. Vous devez \u00eatre pr\u00e9-enregistr\u00e9 pour utiliser Selector. <a href=\"https:\/\/www.aldes-na.com\/fr\/nous-joindre\/\">Contactez Aldes<\/a> pour vous inscrire.<br \/>\n<\/span><span class=\"text-small\"><br \/>\n<\/span><\/p>\n<\/div>\n<\/div>\n<\/div><\/div><\/div><div id=\"pgc-9420-0-1\"  class=\"panel-grid-cell\" ><div id=\"panel-9420-0-1-0\" class=\"so-panel widget widget_sow-editor panel-first-child\" data-index=\"3\" ><div\n\t\t\t\n\t\t\tclass=\"so-widget-sow-editor so-widget-sow-editor-base\"\n\t\t\t\n\t\t><h3 class=\"widget-title\">Vid\u00e9os<\/h3>\n<div class=\"siteorigin-widget-tinymce textwidget\">\n\t<div data-mode=\"normal\" data-oembed=\"1\" data-provider=\"youtube\" id=\"arve-youtube-jrh2vx6hflq-2\" style=\"max-width:680px;\" class=\"arve\">\n<div class=\"arve-inner\">\n<div style=\"aspect-ratio:680\/383\" class=\"arve-embed arve-embed--has-aspect-ratio\">\n<div class=\"arve-ar\" style=\"padding-top:56.323529%\"><\/div>\n<p>\t\t\t<iframe allow=\"accelerometer &apos;none&apos;;autoplay &apos;none&apos;;bluetooth &apos;none&apos;;browsing-topics &apos;none&apos;;camera &apos;none&apos;;clipboard-read &apos;none&apos;;clipboard-write;display-capture &apos;none&apos;;encrypted-media &apos;none&apos;;gamepad &apos;none&apos;;geolocation &apos;none&apos;;gyroscope &apos;none&apos;;hid &apos;none&apos;;identity-credentials-get &apos;none&apos;;idle-detection &apos;none&apos;;keyboard-map &apos;none&apos;;local-fonts;magnetometer &apos;none&apos;;microphone &apos;none&apos;;midi &apos;none&apos;;otp-credentials &apos;none&apos;;payment &apos;none&apos;;picture-in-picture;publickey-credentials-create &apos;none&apos;;publickey-credentials-get &apos;none&apos;;screen-wake-lock &apos;none&apos;;serial &apos;none&apos;;summarizer &apos;none&apos;;sync-xhr;usb &apos;none&apos;;web-share;window-management &apos;none&apos;;xr-spatial-tracking &apos;none&apos;;\" allowfullscreen=\"\" class=\"arve-iframe fitvidsignore\" credentialless data-arve=\"arve-youtube-jrh2vx6hflq-2\" data-lenis-prevent=\"\" data-src-no-ap=\"https:\/\/www.youtube-nocookie.com\/embed\/jrh2vx6HFlQ?start=2&feature=oembed&iv_load_policy=3&modestbranding=1&rel=0&autohide=1&playsinline=0&autoplay=0\" frameborder=\"0\" height=\"383\" loading=\"lazy\" name=\"\" referrerpolicy=\"strict-origin-when-cross-origin\" sandbox=\"allow-scripts allow-same-origin allow-presentation allow-popups allow-popups-to-escape-sandbox\" scrolling=\"no\" src=\"https:\/\/www.youtube-nocookie.com\/embed\/jrh2vx6HFlQ?start=2&feature=oembed&iv_load_policy=3&modestbranding=1&rel=0&autohide=1&playsinline=0&autoplay=0\" title=\"\" width=\"680\"><\/iframe><\/p><\/div>\n<\/p><\/div>\n<p>\t<script type=\"application\/ld+json\">{\"@context\":\"http:\\\/\\\/schema.org\\\/\",\"@id\":\"https:\\\/\\\/old.aldes-na.com\\\/fr\\\/ventilation-commerciale\\\/ressources\\\/#arve-youtube-jrh2vx6hflq-2\",\"type\":\"VideoObject\",\"embedURL\":\"https:\\\/\\\/www.youtube-nocookie.com\\\/embed\\\/jrh2vx6HFlQ?start=2&feature=oembed&iv_load_policy=3&modestbranding=1&rel=0&autohide=1&playsinline=0&autoplay=0\"}<\/script><\/p>\n<\/div>\n<div data-mode=\"normal\" data-oembed=\"1\" data-provider=\"youtube\" id=\"arve-youtube-ebe0x_eietw-2\" style=\"max-width:680px;\" class=\"arve\">\n<div class=\"arve-inner\">\n<div style=\"aspect-ratio:680\/383\" class=\"arve-embed arve-embed--has-aspect-ratio\">\n<div class=\"arve-ar\" style=\"padding-top:56.323529%\"><\/div>\n<p>\t\t\t<iframe allow=\"accelerometer &apos;none&apos;;autoplay &apos;none&apos;;bluetooth &apos;none&apos;;browsing-topics &apos;none&apos;;camera &apos;none&apos;;clipboard-read &apos;none&apos;;clipboard-write;display-capture &apos;none&apos;;encrypted-media &apos;none&apos;;gamepad &apos;none&apos;;geolocation &apos;none&apos;;gyroscope &apos;none&apos;;hid &apos;none&apos;;identity-credentials-get &apos;none&apos;;idle-detection &apos;none&apos;;keyboard-map &apos;none&apos;;local-fonts;magnetometer &apos;none&apos;;microphone &apos;none&apos;;midi &apos;none&apos;;otp-credentials &apos;none&apos;;payment &apos;none&apos;;picture-in-picture;publickey-credentials-create &apos;none&apos;;publickey-credentials-get &apos;none&apos;;screen-wake-lock &apos;none&apos;;serial &apos;none&apos;;summarizer &apos;none&apos;;sync-xhr;usb &apos;none&apos;;web-share;window-management &apos;none&apos;;xr-spatial-tracking &apos;none&apos;;\" allowfullscreen=\"\" class=\"arve-iframe fitvidsignore\" credentialless data-arve=\"arve-youtube-ebe0x_eietw-2\" data-lenis-prevent=\"\" data-src-no-ap=\"https:\/\/www.youtube-nocookie.com\/embed\/EBe0X_eieTw?feature=oembed&iv_load_policy=3&modestbranding=1&rel=0&autohide=1&playsinline=0&autoplay=0\" frameborder=\"0\" height=\"383\" loading=\"lazy\" name=\"\" referrerpolicy=\"strict-origin-when-cross-origin\" sandbox=\"allow-scripts allow-same-origin allow-presentation allow-popups allow-popups-to-escape-sandbox\" scrolling=\"no\" src=\"https:\/\/www.youtube-nocookie.com\/embed\/EBe0X_eieTw?feature=oembed&iv_load_policy=3&modestbranding=1&rel=0&autohide=1&playsinline=0&autoplay=0\" title=\"\" width=\"680\"><\/iframe><\/p><\/div>\n<\/p><\/div>\n<p>\t<script type=\"application\/ld+json\">{\"@context\":\"http:\\\/\\\/schema.org\\\/\",\"@id\":\"https:\\\/\\\/old.aldes-na.com\\\/fr\\\/ventilation-commerciale\\\/ressources\\\/#arve-youtube-ebe0x_eietw-2\",\"type\":\"VideoObject\",\"embedURL\":\"https:\\\/\\\/www.youtube-nocookie.com\\\/embed\\\/EBe0X_eieTw?feature=oembed&iv_load_policy=3&modestbranding=1&rel=0&autohide=1&playsinline=0&autoplay=0\"}<\/script><\/p>\n<\/div>\n<\/div>\n<\/div><\/div><div id=\"panel-9420-0-1-1\" class=\"so-panel widget widget_sow-editor\" data-index=\"4\" ><div\n\t\t\t\n\t\t\tclass=\"so-widget-sow-editor so-widget-sow-editor-base\"\n\t\t\t\n\t\t><h3 class=\"widget-title\">Documents de l'entreprise<\/h3>\n<div class=\"siteorigin-widget-tinymce textwidget\">\n\t<div class=\"siteorigin-widget-tinymce textwidget\">\n<ul>\n<li><strong><a href=\"https:\/\/www.aldes-na.com\/wp-content\/uploads\/2023\/01\/ATC_FR_rev2-130123.pdf\" target=\"_blank\" rel=\"noopener noreferrer\">Conditions g\u00e9n\u00e9rales<br \/>\n<\/a><\/strong><\/li>\n<li><strong><a title=\"Freight Policy_Customers_0812\" href=\"https:\/\/www.aldes-na.com\/wp-content\/uploads\/2023\/01\/ASFP_FR_rev2-130123.pdf\" target=\"_blank\" rel=\"noopener noreferrer\">Politique de fret<\/a><\/strong><\/li>\n<li><a href=\"https:\/\/www.aldes-na.com\/wp-content\/uploads\/2021\/04\/Sales-Order-Form_CANADA_2020-Fillable_FRENCH.pdf\" rel=\"\">Bon de commandes<\/a><\/li>\n<\/ul>\n<\/div>\n<\/div>\n<\/div><\/div><div id=\"panel-9420-0-1-2\" class=\"so-panel widget widget_sow-editor panel-last-child\" data-index=\"5\" ><div\n\t\t\t\n\t\t\tclass=\"so-widget-sow-editor so-widget-sow-editor-base\"\n\t\t\t\n\t\t><h3 class=\"widget-title\">Brochure Des Solutions Offertes<\/h3>\n<div class=\"siteorigin-widget-tinymce textwidget\">\n\t<div class=\"siteorigin-widget-tinymce textwidget\">\n<ul>\n<li><span style=\"color: #333399;\"><strong><a style=\"color: #333399;\" href=\"https:\/\/www.aldes-na.com\/wp-content\/uploads\/2021\/11\/HotelVentilationBrochure_2022-FRENCH.pdf\">La Ventilation Dans Les H\u00f4tels<\/a><span class=\"text-small\"><br \/>\n<\/span><span class=\"text-small\"><br \/>\n<\/span><\/strong><\/span><\/li>\n<li><a href=\"https:\/\/www.aldes-na.com\/wp-content\/uploads\/2022\/01\/Multi-FamilyVentilationBrochure_2022-FRENCH.pdf\"><span style=\"color: #333399;\"><strong>Brochure Sur la Ventilation Multifamiliale<\/strong><\/span><\/a><\/li>\n<\/ul>\n<\/div>\n<\/div>\n<\/div><\/div><\/div><\/div><\/div><\/div>","protected":false},"excerpt":{"rendered":"<p>catalogue de produits 2022 (PDF) Gamme compl\u00e8te des produits Aldes (prix non inclus) Contactez-nous\u00a0pour obtenir le catague de produits avec les prix. Commercial L\u00e9ger S\u00e9rie \u00c9volution Qualit\u00e9 d&#8217;air int\u00e9rieur pour immeubles collectifs \/ R\u00e9sidentiel Biblioth\u00e8que CAD et BIM Foire aux questions &#8211; Produits Airside Foire aux questions &#8211; \u00c9changeurs d&#8217;air Logiciel Selector VRC\/VRE T\u00e9l\u00e9chargement PC&#8230;  <a class=\"excerpt-read-more\" href=\"https:\/\/old.aldes-na.com\/fr\/ventilation-commerciale\/ressources\/\" title=\"LireRessources\">Lire la suite<\/a><\/p>\n","protected":false},"author":1,"featured_media":0,"parent":9079,"menu_order":0,"comment_status":"closed","ping_status":"closed","template":"","meta":{"footnotes":""},"class_list":["post-9420","page","type-page","status-publish","hentry"],"acf":[],"_links":{"self":[{"href":"https:\/\/old.aldes-na.com\/fr\/wp-json\/wp\/v2\/pages\/9420","targetHints":{"allow":["GET"]}}],"collection":[{"href":"https:\/\/old.aldes-na.com\/fr\/wp-json\/wp\/v2\/pages"}],"about":[{"href":"https:\/\/old.aldes-na.com\/fr\/wp-json\/wp\/v2\/types\/page"}],"author":[{"embeddable":true,"href":"https:\/\/old.aldes-na.com\/fr\/wp-json\/wp\/v2\/users\/1"}],"replies":[{"embeddable":true,"href":"https:\/\/old.aldes-na.com\/fr\/wp-json\/wp\/v2\/comments?post=9420"}],"version-history":[{"count":34,"href":"https:\/\/old.aldes-na.com\/fr\/wp-json\/wp\/v2\/pages\/9420\/revisions"}],"predecessor-version":[{"id":23258,"href":"https:\/\/old.aldes-na.com\/fr\/wp-json\/wp\/v2\/pages\/9420\/revisions\/23258"}],"up":[{"embeddable":true,"href":"https:\/\/old.aldes-na.com\/fr\/wp-json\/wp\/v2\/pages\/9079"}],"wp:attachment":[{"href":"https:\/\/old.aldes-na.com\/fr\/wp-json\/wp\/v2\/media?parent=9420"}],"curies":[{"name":"wp","href":"https:\/\/api.w.org\/{rel}","templated":true}]}}