
{"id":9215,"date":"2017-12-04T22:39:31","date_gmt":"2017-12-04T22:39:31","guid":{"rendered":"http:\/\/webdesignofsarasota.com\/aldesdev\/rep-area\/"},"modified":"2024-07-23T09:04:29","modified_gmt":"2024-07-23T13:04:29","slug":"rep-area","status":"publish","type":"page","link":"https:\/\/old.aldes-na.com\/fr\/rep-area\/","title":{"rendered":"Restricted content"},"content":{"rendered":"Cette page est r\u00e9serv\u00e9e aux comptes enregistr\u00e9s. Si vous \u00eates un repr\u00e9sentant ou titulaire d'un compte Aldes, veuillez nous contacter pour retrouver l'acc\u00e8s ou vous connecter.","protected":false},"excerpt":{"rendered":"","protected":false},"author":1,"featured_media":0,"parent":0,"menu_order":0,"comment_status":"closed","ping_status":"closed","template":"page-wide.php","meta":{"footnotes":""},"class_list":["post-9215","page","type-page","status-publish","hentry"],"acf":[],"_links":{"self":[{"href":"https:\/\/old.aldes-na.com\/fr\/wp-json\/wp\/v2\/pages\/9215","targetHints":{"allow":["GET"]}}],"collection":[{"href":"https:\/\/old.aldes-na.com\/fr\/wp-json\/wp\/v2\/pages"}],"about":[{"href":"https:\/\/old.aldes-na.com\/fr\/wp-json\/wp\/v2\/types\/page"}],"author":[{"embeddable":true,"href":"https:\/\/old.aldes-na.com\/fr\/wp-json\/wp\/v2\/users\/1"}],"replies":[{"embeddable":true,"href":"https:\/\/old.aldes-na.com\/fr\/wp-json\/wp\/v2\/comments?post=9215"}],"version-history":[{"count":26,"href":"https:\/\/old.aldes-na.com\/fr\/wp-json\/wp\/v2\/pages\/9215\/revisions"}],"predecessor-version":[{"id":22375,"href":"https:\/\/old.aldes-na.com\/fr\/wp-json\/wp\/v2\/pages\/9215\/revisions\/22375"}],"wp:attachment":[{"href":"https:\/\/old.aldes-na.com\/fr\/wp-json\/wp\/v2\/media?parent=9215"}],"curies":[{"name":"wp","href":"https:\/\/api.w.org\/{rel}","templated":true}]}}