
{"id":9210,"date":"2019-11-03T14:16:32","date_gmt":"2019-11-03T19:16:32","guid":{"rendered":"http:\/\/webdesignofsarasota.com\/aldesdev\/wholesaler\/"},"modified":"2024-07-23T09:03:44","modified_gmt":"2024-07-23T13:03:44","slug":"zone-grossiste","status":"publish","type":"page","link":"https:\/\/old.aldes-na.com\/fr\/zone-grossiste\/","title":{"rendered":"Restricted content"},"content":{"rendered":"Cette page est r\u00e9serv\u00e9e aux comptes enregistr\u00e9s. Si vous \u00eates un repr\u00e9sentant ou titulaire d'un compte Aldes, veuillez nous contacter pour retrouver l'acc\u00e8s ou vous connecter.","protected":false},"excerpt":{"rendered":"","protected":false},"author":4,"featured_media":0,"parent":0,"menu_order":0,"comment_status":"closed","ping_status":"closed","template":"page-wide.php","meta":{"footnotes":""},"class_list":["post-9210","page","type-page","status-publish","hentry"],"acf":[],"_links":{"self":[{"href":"https:\/\/old.aldes-na.com\/fr\/wp-json\/wp\/v2\/pages\/9210","targetHints":{"allow":["GET"]}}],"collection":[{"href":"https:\/\/old.aldes-na.com\/fr\/wp-json\/wp\/v2\/pages"}],"about":[{"href":"https:\/\/old.aldes-na.com\/fr\/wp-json\/wp\/v2\/types\/page"}],"author":[{"embeddable":true,"href":"https:\/\/old.aldes-na.com\/fr\/wp-json\/wp\/v2\/users\/4"}],"replies":[{"embeddable":true,"href":"https:\/\/old.aldes-na.com\/fr\/wp-json\/wp\/v2\/comments?post=9210"}],"version-history":[{"count":22,"href":"https:\/\/old.aldes-na.com\/fr\/wp-json\/wp\/v2\/pages\/9210\/revisions"}],"predecessor-version":[{"id":22374,"href":"https:\/\/old.aldes-na.com\/fr\/wp-json\/wp\/v2\/pages\/9210\/revisions\/22374"}],"wp:attachment":[{"href":"https:\/\/old.aldes-na.com\/fr\/wp-json\/wp\/v2\/media?parent=9210"}],"curies":[{"name":"wp","href":"https:\/\/api.w.org\/{rel}","templated":true}]}}