
{"id":9079,"date":"2020-10-12T22:09:53","date_gmt":"2020-10-13T02:09:53","guid":{"rendered":"http:\/\/webdesignofsarasota.com\/aldesdev\/?page_id=9079"},"modified":"2022-11-21T14:03:24","modified_gmt":"2022-11-21T19:03:24","slug":"ventilation-commerciale","status":"publish","type":"page","link":"https:\/\/old.aldes-na.com\/fr\/ventilation-commerciale\/","title":{"rendered":"Ventilation Commerciale"},"content":{"rendered":"\r\n<div class=\"wp-block-image\">\r\n<figure class=\"alignright size-large\"><img loading=\"lazy\" decoding=\"async\" width=\"526\" height=\"325\" class=\"wp-image-9857\" src=\"https:\/\/www.aldes-na.com\/wp-content\/uploads\/2020\/11\/Commercial-1.png\" alt=\"\" srcset=\"https:\/\/old.aldes-na.com\/wp-content\/uploads\/2020\/11\/Commercial-1.png 526w, https:\/\/old.aldes-na.com\/wp-content\/uploads\/2020\/11\/Commercial-1-300x185.png 300w\" sizes=\"auto, (max-width: 526px) 100vw, 526px\" \/><\/figure>\r\n<\/div>\r\n\r\n\r\n\r\n<h3 class=\"wp-block-heading\">Jusqu\u2019\u00e0 40% de la consommation d\u2019\u00e9nergie d\u2019un b\u00e2timent est li\u00e9e au syst\u00e8me de chauffage, \u00e0 la climatisation ou \u00e0 des infiltrations d\u2019air.<\/h3>\r\n\r\n\r\n\r\n<p>Les produits Aldes peuvent r\u00e9duire de fa\u00e7on significative la consommation d\u2019\u00e9nergie, tout en am\u00e9liorant la qualit\u00e9 de l\u2019air et le confort des occupants.<\/p>\r\n\r\n\r\n\r\n<p>En utilisant la chaleur de l\u2019air sortant pour pr\u00e9chauffer l\u2019air entrant, le syst\u00e8me permet le renouvellement de l\u2019air sans avoir \u00e0 en chauffer une partie durant les p\u00e9riodes froides.<\/p>\r\n\r\n\r\n\r\n<p>Faire le choix d\u2019un ventilateur r\u00e9cup\u00e9rateur de chaleur Aldes est un choix rentable qui s\u2019int\u00e8gre parfaitement \u00e0 une approche de construction \u00e9coresponsable.<\/p>\r\n\r\n\r\n\r\n<p>D\u00e9couvrez nos gammes tr\u00e8s flexibles de ventilateurs r\u00e9cup\u00e9rateurs de chaleur d\u2019une puissance de 500 \u00e0 11 000 pieds cubes par minute d\u2019air frais. De plus, certains mod\u00e8les offrent des options telles que le moteur EC, le chauffage et la climatisation int\u00e9gr\u00e9e ainsi qu\u2019une grande vari\u00e9t\u00e9 de techniques de r\u00e9cup\u00e9ration (roues et cubes).<\/p>\r\n\r\n\r\n\n<div class=\"product-list-container cf\">\n  \n        \n    <div class=\"flex-list grid-list product-list cf\">\n    \n            \n        <div class=\"m-all t-1of2 d-1of4 flex-list-item grid-list-item product-list-item cf\">\n            \n            <div class=\"inner-flex-list-item inner-grid-list-item cf\">\n                \n                <a href=\"https:\/\/old.aldes-na.com\/fr\/cat\u00e9gorie-de-produits-commerciaux\/inspirair-pronto-fr\/\" title=\"Ventilation Commerciale\">\n                \n                    <div class=\"grid-list-image product-list-image cf\">\n                        \n                            \n                                                        \n                                <img loading=\"lazy\" decoding=\"async\" src=\"https:\/\/old.aldes-na.com\/wp-content\/uploads\/2023\/04\/Aldes_ImageWeb_Pronto.jpg\" width=\"300\" height=\"239\" \/>\n                            \n                            \n                                \n    \n                                                \n                    <\/div>\n                    \n                    <div class=\"grid-list-content product-list-content cf\">\n                        <h4>InspirAIR PRONTO<\/h4>\n                    <\/div>\n                \n                <\/a>\n                \n            <\/div>\n            \n        <\/div>\n    \n                \n        <div class=\"m-all t-1of2 d-1of4 flex-list-item grid-list-item product-list-item cf\">\n            \n            <div class=\"inner-flex-list-item inner-grid-list-item cf\">\n                \n                <a href=\"https:\/\/old.aldes-na.com\/fr\/cat\u00e9gorie-de-produits-commerciaux\/commercial-leger\/\" title=\"Ventilation Commerciale\">\n                \n                    <div class=\"grid-list-image product-list-image cf\">\n                        \n                            \n                                                        \n                                <img loading=\"lazy\" decoding=\"async\" src=\"https:\/\/old.aldes-na.com\/wp-content\/uploads\/2021\/01\/LightCommercial_H-ERV-1.jpg\" width=\"300\" height=\"239\" \/>\n                            \n                            \n                                \n    \n                                                \n                    <\/div>\n                    \n                    <div class=\"grid-list-content product-list-content cf\">\n                        <h4>Commercial L\u00e9ger<\/h4>\n                    <\/div>\n                \n                <\/a>\n                \n            <\/div>\n            \n        <\/div>\n    \n                \n        <div class=\"m-all t-1of2 d-1of4 flex-list-item grid-list-item product-list-item cf\">\n            \n            <div class=\"inner-flex-list-item inner-grid-list-item cf\">\n                \n                <a href=\"https:\/\/old.aldes-na.com\/fr\/cat\u00e9gorie-de-produits-commerciaux\/inspirair-commercial-fr\/\" title=\"Ventilation Commerciale\">\n                \n                    <div class=\"grid-list-image product-list-image cf\">\n                        \n                            \n                                                        \n                                <img loading=\"lazy\" decoding=\"async\" src=\"https:\/\/old.aldes-na.com\/wp-content\/uploads\/2021\/01\/InspirAIRCommercial_H-ERV-1.jpg\" width=\"300\" height=\"239\" \/>\n                            \n                            \n                                \n    \n                                                \n                    <\/div>\n                    \n                    <div class=\"grid-list-content product-list-content cf\">\n                        <h4>InspirAIR Commercial<\/h4>\n                    <\/div>\n                \n                <\/a>\n                \n            <\/div>\n            \n        <\/div>\n    \n                \n        <div class=\"m-all t-1of2 d-1of4 flex-list-item grid-list-item product-list-item cf\">\n            \n            <div class=\"inner-flex-list-item inner-grid-list-item cf\">\n                \n                <a href=\"https:\/\/old.aldes-na.com\/fr\/cat\u00e9gorie-de-produits-commerciaux\/serie-evolution\/\" title=\"Ventilation Commerciale\">\n                \n                    <div class=\"grid-list-image product-list-image cf\">\n                        \n                            \n                                                        \n                                <img loading=\"lazy\" decoding=\"async\" src=\"https:\/\/old.aldes-na.com\/wp-content\/uploads\/2021\/01\/Advanced_H-ERV-1.jpg\" width=\"300\" height=\"239\" \/>\n                            \n                            \n                                \n    \n                                                \n                    <\/div>\n                    \n                    <div class=\"grid-list-content product-list-content cf\">\n                        <h4>S\u00e9rie \u00c9volution<\/h4>\n                    <\/div>\n                \n                <\/a>\n                \n            <\/div>\n            \n        <\/div>\n    \n                \n        <div class=\"m-all t-1of2 d-1of4 flex-list-item grid-list-item product-list-item cf\">\n            \n            <div class=\"inner-flex-list-item inner-grid-list-item cf\">\n                \n                <a href=\"https:\/\/old.aldes-na.com\/fr\/cat\u00e9gorie-de-produits-commerciaux\/qai-immeubles-collectifs\/\" title=\"Ventilation Commerciale\">\n                \n                    <div class=\"grid-list-image product-list-image cf\">\n                        \n                            \n                                                        \n                                <img loading=\"lazy\" decoding=\"async\" src=\"https:\/\/old.aldes-na.com\/wp-content\/uploads\/2021\/01\/CommercialCategories_ResidentialSystemSolutions_VENTZONE-300x239-1.jpg\" width=\"300\" height=\"239\" \/>\n                            \n                            \n                                \n    \n                                                \n                    <\/div>\n                    \n                    <div class=\"grid-list-content product-list-content cf\">\n                        <h4>Qualit\u00e9 d'air int\u00e9rieur pour immeubles collectifs<\/h4>\n                    <\/div>\n                \n                <\/a>\n                \n            <\/div>\n            \n        <\/div>\n    \n                \n        <div class=\"m-all t-1of2 d-1of4 flex-list-item grid-list-item product-list-item cf\">\n            \n            <div class=\"inner-flex-list-item inner-grid-list-item cf\">\n                \n                <a href=\"https:\/\/old.aldes-na.com\/fr\/cat\u00e9gorie-de-produits-commerciaux\/regulateur-de-debit-dair\/\" title=\"Ventilation Commerciale\">\n                \n                    <div class=\"grid-list-image product-list-image cf\">\n                        \n                            \n                                                        \n                                <img loading=\"lazy\" decoding=\"async\" src=\"https:\/\/old.aldes-na.com\/wp-content\/uploads\/2021\/01\/CommercialCategories_airflow_CAR3-e1610481638852-1.jpg\" width=\"300\" height=\"239\" \/>\n                            \n                            \n                                \n    \n                                                \n                    <\/div>\n                    \n                    <div class=\"grid-list-content product-list-content cf\">\n                        <h4>R\u00e9gulateur de d\u00e9bit d\u2019air<\/h4>\n                    <\/div>\n                \n                <\/a>\n                \n            <\/div>\n            \n        <\/div>\n    \n                \n        <div class=\"m-all t-1of2 d-1of4 flex-list-item grid-list-item product-list-item cf\">\n            \n            <div class=\"inner-flex-list-item inner-grid-list-item cf\">\n                \n                <a href=\"https:\/\/old.aldes-na.com\/fr\/cat\u00e9gorie-de-produits-commerciaux\/produits-retires\/\" title=\"Ventilation Commerciale\">\n                \n                    <div class=\"grid-list-image product-list-image cf\">\n                        \n                            \n                                                        \n                                <img loading=\"lazy\" decoding=\"async\" src=\"https:\/\/old.aldes-na.com\/wp-content\/uploads\/2021\/01\/Aeromatic_Obsolete_H-ERV-1.jpg\" width=\"300\" height=\"239\" \/>\n                            \n                            \n                                \n    \n                                                \n                    <\/div>\n                    \n                    <div class=\"grid-list-content product-list-content cf\">\n                        <h4>Produits retir\u00e9s<\/h4>\n                    <\/div>\n                \n                <\/a>\n                \n            <\/div>\n            \n        <\/div>\n    \n            \n    <\/div>\n    \n<\/div>\n\n\n","protected":false},"excerpt":{"rendered":"<p>Jusqu\u2019\u00e0 40% de la consommation d\u2019\u00e9nergie d\u2019un b\u00e2timent est li\u00e9e au syst\u00e8me de chauffage, \u00e0 la climatisation ou \u00e0 des infiltrations d\u2019air. Les produits Aldes peuvent r\u00e9duire de fa\u00e7on significative la consommation d\u2019\u00e9nergie, tout en am\u00e9liorant la qualit\u00e9 de l\u2019air et le confort des occupants. En utilisant la chaleur de l\u2019air sortant pour pr\u00e9chauffer l\u2019air&#8230;  <a class=\"excerpt-read-more\" href=\"https:\/\/old.aldes-na.com\/fr\/ventilation-commerciale\/\" title=\"LireVentilation Commerciale\">Lire la suite<\/a><\/p>\n","protected":false},"author":4,"featured_media":0,"parent":0,"menu_order":0,"comment_status":"closed","ping_status":"closed","template":"page-wide.php","meta":{"footnotes":""},"class_list":["post-9079","page","type-page","status-publish","hentry"],"acf":[],"_links":{"self":[{"href":"https:\/\/old.aldes-na.com\/fr\/wp-json\/wp\/v2\/pages\/9079","targetHints":{"allow":["GET"]}}],"collection":[{"href":"https:\/\/old.aldes-na.com\/fr\/wp-json\/wp\/v2\/pages"}],"about":[{"href":"https:\/\/old.aldes-na.com\/fr\/wp-json\/wp\/v2\/types\/page"}],"author":[{"embeddable":true,"href":"https:\/\/old.aldes-na.com\/fr\/wp-json\/wp\/v2\/users\/4"}],"replies":[{"embeddable":true,"href":"https:\/\/old.aldes-na.com\/fr\/wp-json\/wp\/v2\/comments?post=9079"}],"version-history":[{"count":15,"href":"https:\/\/old.aldes-na.com\/fr\/wp-json\/wp\/v2\/pages\/9079\/revisions"}],"predecessor-version":[{"id":18471,"href":"https:\/\/old.aldes-na.com\/fr\/wp-json\/wp\/v2\/pages\/9079\/revisions\/18471"}],"wp:attachment":[{"href":"https:\/\/old.aldes-na.com\/fr\/wp-json\/wp\/v2\/media?parent=9079"}],"curies":[{"name":"wp","href":"https:\/\/api.w.org\/{rel}","templated":true}]}}