
{"id":8834,"date":"2020-10-12T21:33:57","date_gmt":"2020-10-13T01:33:57","guid":{"rendered":"http:\/\/webdesignofsarasota.com\/aldesdev\/?page_id=8834"},"modified":"2021-01-19T12:19:14","modified_gmt":"2021-01-19T17:19:14","slug":"projets-en-vedette","status":"publish","type":"page","link":"https:\/\/old.aldes-na.com\/fr\/ventilation-commerciale\/projets-en-vedette\/","title":{"rendered":"Projets en vedette"},"content":{"rendered":"<div id=\"wpgmza_map\" class=\"wpgmza_map\" data-settings='{\"id\":\"10\",\"map_title\":\"Projets en vedette\",\"map_width\":\"100\",\"map_height\":\"500\",\"map_start_lat\":\"38.240302\",\"map_start_lng\":\"-96.422952\",\"map_start_location\":\"38.240302,-96.422952\",\"map_start_zoom\":\"4\",\"default_marker\":\"\",\"type\":\"1\",\"alignment\":\"1\",\"directions_enabled\":\"0\",\"styling_enabled\":\"0\",\"styling_json\":\"\",\"active\":\"0\",\"kml\":\"\",\"bicycle\":\"0\",\"traffic\":\"0\",\"dbox\":\"1\",\"dbox_width\":\"100\",\"listmarkers\":\"0\",\"listmarkers_advanced\":\"0\",\"filterbycat\":\"1\",\"ugm_enabled\":\"0\",\"ugm_category_enabled\":\"0\",\"fusion\":\"\",\"map_width_type\":\"\\\\%\",\"map_height_type\":\"px\",\"mass_marker_support\":\"1\",\"ugm_access\":\"0\",\"order_markers_by\":\"1\",\"order_markers_choice\":\"2\",\"show_user_location\":\"2\",\"default_to\":\"\",\"other_settings\":{\"store_locator_style\":\"legacy\",\"wpgmza_store_locator_radius_style\":\"legacy\",\"directions_box_style\":\"default\",\"show_distance_from_location\":0,\"map_max_zoom\":\"3\",\"map_min_zoom\":\"21\",\"sl_stroke_color\":\"\",\"sl_stroke_opacity\":\"\",\"sl_fill_color\":\"\",\"sl_fill_opacity\":\"\",\"jump_to_nearest_marker_on_initialization\":0,\"automatically_pan_to_users_location\":0,\"override_users_location_zoom_level\":0,\"click_open_link\":2,\"hide_point_of_interest\":false,\"fit_maps_bounds_to_markers\":false,\"fit_maps_bounds_to_markers_after_filtering\":false,\"wpgmza_auto_night\":0,\"transport_layer\":0,\"polygon_labels\":false,\"enable_marker_ratings\":false,\"iw_primary_color\":\"21409A\",\"iw_accent_color\":\"21409A\",\"iw_text_color\":\"DDDDDD\",\"wpgmza_iw_type\":\"1\",\"list_markers_by\":\"0\",\"push_in_map\":\"\",\"push_in_map_placement\":\"9\",\"wpgmza_push_in_map_width\":\"\",\"wpgmza_push_in_map_height\":\"\",\"wpgmza_theme_data\":\"[{\\\\\\\"featureType\\\\\\\":\\\\\\\"landscape\\\\\\\",\\\\\\\"stylers\\\\\\\":[{\\\\\\\"saturation\\\\\\\":-100},{\\\\\\\"lightness\\\\\\\":65},{\\\\\\\"visibility\\\\\\\":\\\\\\\"on\\\\\\\"}]},{\\\\\\\"featureType\\\\\\\":\\\\\\\"poi\\\\\\\",\\\\\\\"stylers\\\\\\\":[{\\\\\\\"saturation\\\\\\\":-100},{\\\\\\\"lightness\\\\\\\":51},{\\\\\\\"visibility\\\\\\\":\\\\\\\"simplified\\\\\\\"}]},{\\\\\\\"featureType\\\\\\\":\\\\\\\"road.highway\\\\\\\",\\\\\\\"stylers\\\\\\\":[{\\\\\\\"saturation\\\\\\\":-100},{\\\\\\\"visibility\\\\\\\":\\\\\\\"simplified\\\\\\\"}]},{\\\\\\\"featureType\\\\\\\":\\\\\\\"road.arterial\\\\\\\",\\\\\\\"stylers\\\\\\\":[{\\\\\\\"saturation\\\\\\\":-100},{\\\\\\\"lightness\\\\\\\":30},{\\\\\\\"visibility\\\\\\\":\\\\\\\"on\\\\\\\"}]},{\\\\\\\"featureType\\\\\\\":\\\\\\\"road.local\\\\\\\",\\\\\\\"stylers\\\\\\\":[{\\\\\\\"saturation\\\\\\\":-100},{\\\\\\\"lightness\\\\\\\":40},{\\\\\\\"visibility\\\\\\\":\\\\\\\"on\\\\\\\"}]},{\\\\\\\"featureType\\\\\\\":\\\\\\\"transit\\\\\\\",\\\\\\\"stylers\\\\\\\":[{\\\\\\\"saturation\\\\\\\":-100},{\\\\\\\"visibility\\\\\\\":\\\\\\\"simplified\\\\\\\"}]},{\\\\\\\"featureType\\\\\\\":\\\\\\\"administrative.province\\\\\\\",\\\\\\\"stylers\\\\\\\":[{\\\\\\\"visibility\\\\\\\":\\\\\\\"off\\\\\\\"}]},{\\\\\\\"featureType\\\\\\\":\\\\\\\"water\\\\\\\",\\\\\\\"elementType\\\\\\\":\\\\\\\"labels\\\\\\\",\\\\\\\"stylers\\\\\\\":[{\\\\\\\"visibility\\\\\\\":\\\\\\\"on\\\\\\\"},{\\\\\\\"lightness\\\\\\\":-25},{\\\\\\\"saturation\\\\\\\":-100}]},{\\\\\\\"featureType\\\\\\\":\\\\\\\"water\\\\\\\",\\\\\\\"elementType\\\\\\\":\\\\\\\"geometry\\\\\\\",\\\\\\\"stylers\\\\\\\":[{\\\\\\\"hue\\\\\\\":\\\\\\\"#ffff00\\\\\\\"},{\\\\\\\"lightness\\\\\\\":-25},{\\\\\\\"saturation\\\\\\\":-97}]}]\",\"upload_default_ul_marker\":\"\",\"upload_default_sl_marker\":\"\",\"wpgmza_dbox_width_type\":\"%\",\"default_from\":\"\",\"directions_behaviour\":\"default\",\"force_google_directions_app\":false,\"directions_route_origin_icon\":\"https:\\\/\\\/www.aldes-na.com\\\/wp-content\\\/plugins\\\/wp-google-maps\\\/images\\\/spotlight-poi2.png\",\"retina\":false,\"directions_route_destination_icon\":\"https:\\\/\\\/www.aldes-na.com\\\/wp-content\\\/plugins\\\/wp-google-maps\\\/images\\\/spotlight-poi2.png\",\"directions_route_stroke_color\":\"#4f8df5\",\"directions_route_stroke_weight\":\"4\",\"directions_route_stroke_opacity\":\"0.8\",\"enable_advanced_custom_fields_integration\":false,\"enable_toolset_woocommerce_integration\":false,\"shortcodeAttributes\":{\"id\":\"10\"}}}' data-map-id='10' Data-maps-engine='google-maps' data-shortcode-attributes='{\"id\":\"10\"}' style=\"display:block; overflow:auto; width:100%; height:500px; float:left;\"><\/div>\n<div class=\"m-all t-1of3 d-1of3 flegend\" style=\"margin-top: 10px;\"><img loading=\"lazy\" decoding=\"async\" src=\"https:\/\/www.aldes-na.com\/wp-content\/uploads\/2018\/11\/commercial_dot.png\" alt=\"\" width=\"20\" height=\"20\" \/>Commerciale<br \/>\n<img loading=\"lazy\" decoding=\"async\" src=\"https:\/\/www.aldes-na.com\/wp-content\/uploads\/2018\/11\/multi-family_dot.png\" alt=\"\" width=\"20\" height=\"20\" \/>Propri\u00e9t\u00e9s multifamiliales<\/div>\n<div class=\"m-all t-1of3 d-1of3 flegend\" style=\"margin-top: 10px;\"><img loading=\"lazy\" decoding=\"async\" src=\"https:\/\/www.aldes-na.com\/wp-content\/uploads\/2018\/11\/industrial_dot.png\" alt=\"\" width=\"20\" height=\"20\" \/>Industrielle<br \/>\n<img loading=\"lazy\" decoding=\"async\" src=\"https:\/\/www.aldes-na.com\/wp-content\/uploads\/2018\/11\/hotel_dot.png\" alt=\"\" width=\"20\" height=\"20\" \/>H\u00f4tels<\/div>\n<div class=\"m-all t-1of3 d-1of3 flegend\" style=\"margin-top: 10px;\"><img loading=\"lazy\" decoding=\"async\" src=\"https:\/\/www.aldes-na.com\/wp-content\/uploads\/2018\/11\/government_dot.png\" alt=\"\" width=\"20\" height=\"20\" \/>Gouvernement<br \/>\n<img loading=\"lazy\" decoding=\"async\" src=\"https:\/\/www.aldes-na.com\/wp-content\/uploads\/2018\/11\/institutional_dot.png\" alt=\"\" width=\"20\" height=\"20\" \/>Institutionnelle<\/div>\n<div style=\"clear: both; height: 20px;\"><\/div>\n\n<div class=\"project-list-container cf\">\n  \n        \n    <div class=\"flex-list grid-list project-list cf\">\n    \n            \n        <div class=\"m-all t-1of3 d-1of4 flex-list-item grid-list-item project-list-item cf\">\n            \n            <div class=\"inner-flex-list-item inner-grid-list-item cf\">\n                \n                <a href=\"https:\/\/old.aldes-na.com\/fr\/project-category\/coproprietes\/\" title=\"Projets en vedette\">\n                \n                    <div class=\"grid-list-image project-list-image cf\">\n                        \n                            \n    \n                                                        \n                                <img loading=\"lazy\" decoding=\"async\" src=\"https:\/\/old.aldes-na.com\/wp-content\/uploads\/2020\/11\/mini1-condo-250x250-1.jpg\" width=\"250\" height=\"250\" \/>\n                            \n                            \n                                \n    \n                                                \n                    <\/div>\n                    \n                    <div class=\"grid-list-content project-list-content cf\">\n                        <h4>Propri\u00e9t\u00e9s multifamiliales<\/h4>\n                    <\/div>\n                \n                <\/a>\n                \n            <\/div>\n            \n        <\/div>\n    \n                \n        <div class=\"m-all t-1of3 d-1of4 flex-list-item grid-list-item project-list-item cf\">\n            \n            <div class=\"inner-flex-list-item inner-grid-list-item cf\">\n                \n                <a href=\"https:\/\/old.aldes-na.com\/fr\/project-category\/etablissements-denseignement\/\" title=\"Projets en vedette\">\n                \n                    <div class=\"grid-list-image project-list-image cf\">\n                        \n                            \n    \n                                                        \n                                <img loading=\"lazy\" decoding=\"async\" src=\"https:\/\/old.aldes-na.com\/wp-content\/uploads\/2020\/11\/boy-at-school-sq-250x250-1.jpg\" width=\"250\" height=\"250\" \/>\n                            \n                            \n                                \n    \n                                                \n                    <\/div>\n                    \n                    <div class=\"grid-list-content project-list-content cf\">\n                        <h4>\u00c9tablissements d'enseignement<\/h4>\n                    <\/div>\n                \n                <\/a>\n                \n            <\/div>\n            \n        <\/div>\n    \n                \n        <div class=\"m-all t-1of3 d-1of4 flex-list-item grid-list-item project-list-item cf\">\n            \n            <div class=\"inner-flex-list-item inner-grid-list-item cf\">\n                \n                <a href=\"https:\/\/old.aldes-na.com\/fr\/project-category\/organismes-gouvernementaux\/\" title=\"Projets en vedette\">\n                \n                    <div class=\"grid-list-image project-list-image cf\">\n                        \n                            \n    \n                                                        \n                                <img loading=\"lazy\" decoding=\"async\" src=\"https:\/\/old.aldes-na.com\/wp-content\/uploads\/2020\/12\/katie-moum-o0kbc907i20-unsplash-250x250.jpg\" width=\"250\" height=\"250\" \/>\n                            \n                            \n                                \n    \n                                                \n                    <\/div>\n                    \n                    <div class=\"grid-list-content project-list-content cf\">\n                        <h4>Organismes gouvernementaux<\/h4>\n                    <\/div>\n                \n                <\/a>\n                \n            <\/div>\n            \n        <\/div>\n    \n                \n        <div class=\"m-all t-1of3 d-1of4 flex-list-item grid-list-item project-list-item cf\">\n            \n            <div class=\"inner-flex-list-item inner-grid-list-item cf\">\n                \n                <a href=\"https:\/\/old.aldes-na.com\/fr\/project-category\/hotels_fr\/\" title=\"Projets en vedette\">\n                \n                    <div class=\"grid-list-image project-list-image cf\">\n                        \n                            \n    \n                                                        \n                                <img loading=\"lazy\" decoding=\"async\" src=\"https:\/\/old.aldes-na.com\/wp-content\/uploads\/2020\/11\/mini4-hotels.jpg\" width=\"250\" height=\"250\" \/>\n                            \n                            \n                                \n    \n                                                \n                    <\/div>\n                    \n                    <div class=\"grid-list-content project-list-content cf\">\n                        <h4>H\u00f4tels<\/h4>\n                    <\/div>\n                \n                <\/a>\n                \n            <\/div>\n            \n        <\/div>\n    \n                \n        <div class=\"m-all t-1of3 d-1of4 flex-list-item grid-list-item project-list-item cf\">\n            \n            <div class=\"inner-flex-list-item inner-grid-list-item cf\">\n                \n                <a href=\"https:\/\/old.aldes-na.com\/fr\/project-category\/installations-industrielles\/\" title=\"Projets en vedette\">\n                \n                    <div class=\"grid-list-image project-list-image cf\">\n                        \n                            \n    \n                                                        \n                                <img loading=\"lazy\" decoding=\"async\" src=\"https:\/\/old.aldes-na.com\/wp-content\/uploads\/2017\/12\/mini7-Industrial.jpg\" width=\"250\" height=\"250\" \/>\n                            \n                            \n                                \n    \n                                                \n                    <\/div>\n                    \n                    <div class=\"grid-list-content project-list-content cf\">\n                        <h4>Installations industrielles<\/h4>\n                    <\/div>\n                \n                <\/a>\n                \n            <\/div>\n            \n        <\/div>\n    \n                \n        <div class=\"m-all t-1of3 d-1of4 flex-list-item grid-list-item project-list-item cf\">\n            \n            <div class=\"inner-flex-list-item inner-grid-list-item cf\">\n                \n                <a href=\"https:\/\/old.aldes-na.com\/fr\/project-category\/etablissements-medicaux\/\" title=\"Projets en vedette\">\n                \n                    <div class=\"grid-list-image project-list-image cf\">\n                        \n                            \n    \n                                                        \n                                <img loading=\"lazy\" decoding=\"async\" src=\"https:\/\/old.aldes-na.com\/wp-content\/uploads\/2020\/11\/mini6-medical.jpg\" width=\"250\" height=\"250\" \/>\n                            \n                            \n                                \n    \n                                                \n                    <\/div>\n                    \n                    <div class=\"grid-list-content project-list-content cf\">\n                        <h4>\u00c9tablissements m\u00e9dicaux<\/h4>\n                    <\/div>\n                \n                <\/a>\n                \n            <\/div>\n            \n        <\/div>\n    \n                \n        <div class=\"m-all t-1of3 d-1of4 flex-list-item grid-list-item project-list-item cf\">\n            \n            <div class=\"inner-flex-list-item inner-grid-list-item cf\">\n                \n                <a href=\"https:\/\/old.aldes-na.com\/fr\/project-category\/appartements-multifamiliaux\/\" title=\"Projets en vedette\">\n                \n                    <div class=\"grid-list-image project-list-image cf\">\n                        \n                            \n    \n                                                        \n                                <img loading=\"lazy\" decoding=\"async\" src=\"https:\/\/old.aldes-na.com\/wp-content\/uploads\/2017\/12\/mini2-multifamily-250x250.jpg\" width=\"250\" height=\"250\" \/>\n                            \n                            \n                                \n    \n                                                \n                    <\/div>\n                    \n                    <div class=\"grid-list-content project-list-content cf\">\n                        <h4>Appartements multifamiliaux<\/h4>\n                    <\/div>\n                \n                <\/a>\n                \n            <\/div>\n            \n        <\/div>\n    \n                \n        <div class=\"m-all t-1of3 d-1of4 flex-list-item grid-list-item project-list-item cf\">\n            \n            <div class=\"inner-flex-list-item inner-grid-list-item cf\">\n                \n                <a href=\"https:\/\/old.aldes-na.com\/fr\/project-category\/vente-au-detail\/\" title=\"Projets en vedette\">\n                \n                    <div class=\"grid-list-image project-list-image cf\">\n                        \n                            \n    \n                                                        \n                                <img loading=\"lazy\" decoding=\"async\" src=\"https:\/\/old.aldes-na.com\/wp-content\/uploads\/2020\/11\/mini8-retail.jpg\" width=\"250\" height=\"250\" \/>\n                            \n                            \n                                \n    \n                                                \n                    <\/div>\n                    \n                    <div class=\"grid-list-content project-list-content cf\">\n                        <h4>Vente au d\u00e9tail<\/h4>\n                    <\/div>\n                \n                <\/a>\n                \n            <\/div>\n            \n        <\/div>\n    \n                \n        <div class=\"m-all t-1of3 d-1of4 flex-list-item grid-list-item project-list-item cf\">\n            \n            <div class=\"inner-flex-list-item inner-grid-list-item cf\">\n                \n                <a href=\"https:\/\/old.aldes-na.com\/fr\/project-category\/transport-marine\/\" title=\"Projets en vedette\">\n                \n                    <div class=\"grid-list-image project-list-image cf\">\n                        \n                            \n    \n                                                        \n                                <img loading=\"lazy\" decoding=\"async\" src=\"https:\/\/old.aldes-na.com\/wp-content\/uploads\/2017\/12\/mini9-transportation.jpg\" width=\"250\" height=\"250\" \/>\n                            \n                            \n                                \n    \n                                                \n                    <\/div>\n                    \n                    <div class=\"grid-list-content project-list-content cf\">\n                        <h4>Transport \/ Marine<\/h4>\n                    <\/div>\n                \n                <\/a>\n                \n            <\/div>\n            \n        <\/div>\n    \n            \n    <\/div>\n    \n<\/div>\n\n\n","protected":false},"excerpt":{"rendered":"<p>Commerciale Propri\u00e9t\u00e9s multifamiliales Industrielle H\u00f4tels Gouvernement Institutionnelle<\/p>\n","protected":false},"author":4,"featured_media":0,"parent":9079,"menu_order":0,"comment_status":"closed","ping_status":"closed","template":"page-wide.php","meta":{"footnotes":""},"class_list":["post-8834","page","type-page","status-publish","hentry"],"acf":[],"_links":{"self":[{"href":"https:\/\/old.aldes-na.com\/fr\/wp-json\/wp\/v2\/pages\/8834","targetHints":{"allow":["GET"]}}],"collection":[{"href":"https:\/\/old.aldes-na.com\/fr\/wp-json\/wp\/v2\/pages"}],"about":[{"href":"https:\/\/old.aldes-na.com\/fr\/wp-json\/wp\/v2\/types\/page"}],"author":[{"embeddable":true,"href":"https:\/\/old.aldes-na.com\/fr\/wp-json\/wp\/v2\/users\/4"}],"replies":[{"embeddable":true,"href":"https:\/\/old.aldes-na.com\/fr\/wp-json\/wp\/v2\/comments?post=8834"}],"version-history":[{"count":6,"href":"https:\/\/old.aldes-na.com\/fr\/wp-json\/wp\/v2\/pages\/8834\/revisions"}],"predecessor-version":[{"id":13233,"href":"https:\/\/old.aldes-na.com\/fr\/wp-json\/wp\/v2\/pages\/8834\/revisions\/13233"}],"up":[{"embeddable":true,"href":"https:\/\/old.aldes-na.com\/fr\/wp-json\/wp\/v2\/pages\/9079"}],"wp:attachment":[{"href":"https:\/\/old.aldes-na.com\/fr\/wp-json\/wp\/v2\/media?parent=8834"}],"curies":[{"name":"wp","href":"https:\/\/api.w.org\/{rel}","templated":true}]}}