
{"id":8814,"date":"2020-10-12T21:13:29","date_gmt":"2020-10-13T01:13:29","guid":{"rendered":"http:\/\/webdesignofsarasota.com\/aldesdev\/?page_id=8814"},"modified":"2021-05-19T17:02:34","modified_gmt":"2021-05-19T21:02:34","slug":"nous-joindre","status":"publish","type":"page","link":"https:\/\/old.aldes-na.com\/fr\/nous-joindre\/","title":{"rendered":"Nous joindre"},"content":{"rendered":"\n<p><strong>Nous trouver<\/strong><br>100 rue Carter<br>Saint-L\u00e9onard-d\u2019Aston<br>(Qu\u00e9bec) Canada\u00a0\u00a0 J0C 1M0<\/p>\n\n\n\n<p>205-4 rue Carter<br>Saint-L\u00e9onard-d\u2019Aston<br>(Qu\u00e9bec) Canada\u00a0\u00a0 J0C 1M0<\/p>\n\n\n\n<p><strong>T\u00e9l\u00e9phone<\/strong>: 819.399.3400<br><strong>T\u00e9l\u00e9phone (sans frais)<\/strong>: 1.800.262.0916<\/p>\n\n\n\n<iframe loading=\"lazy\" src=\"https:\/\/www.google.com\/maps\/embed?pb=!1m14!1m8!1m3!1d11063.010967347884!2d-72.3661954!3d46.1158337!3m2!1i1024!2i768!4f13.1!3m3!1m2!1s0x0%3A0xea630847c9fbef75!2sAldes%20Canada!5e0!3m2!1sen!2sus!4v1607449593886!5m2!1sen!2sus\" width=\"100%\" height=\"450\" frameborder=\"0\" style=\"border:0;\" allowfullscreen=\"\" aria-hidden=\"false\" tabindex=\"0\"><\/iframe>\n","protected":false},"excerpt":{"rendered":"<p>Nous trouver100 rue CarterSaint-L\u00e9onard-d\u2019Aston(Qu\u00e9bec) Canada\u00a0\u00a0 J0C 1M0 205-4 rue CarterSaint-L\u00e9onard-d\u2019Aston(Qu\u00e9bec) Canada\u00a0\u00a0 J0C 1M0 T\u00e9l\u00e9phone: 819.399.3400T\u00e9l\u00e9phone (sans frais): 1.800.262.0916<\/p>\n","protected":false},"author":4,"featured_media":0,"parent":0,"menu_order":0,"comment_status":"closed","ping_status":"closed","template":"page-form-right.php","meta":{"footnotes":""},"class_list":["post-8814","page","type-page","status-publish","hentry"],"acf":[],"_links":{"self":[{"href":"https:\/\/old.aldes-na.com\/fr\/wp-json\/wp\/v2\/pages\/8814","targetHints":{"allow":["GET"]}}],"collection":[{"href":"https:\/\/old.aldes-na.com\/fr\/wp-json\/wp\/v2\/pages"}],"about":[{"href":"https:\/\/old.aldes-na.com\/fr\/wp-json\/wp\/v2\/types\/page"}],"author":[{"embeddable":true,"href":"https:\/\/old.aldes-na.com\/fr\/wp-json\/wp\/v2\/users\/4"}],"replies":[{"embeddable":true,"href":"https:\/\/old.aldes-na.com\/fr\/wp-json\/wp\/v2\/comments?post=8814"}],"version-history":[{"count":6,"href":"https:\/\/old.aldes-na.com\/fr\/wp-json\/wp\/v2\/pages\/8814\/revisions"}],"predecessor-version":[{"id":14796,"href":"https:\/\/old.aldes-na.com\/fr\/wp-json\/wp\/v2\/pages\/8814\/revisions\/14796"}],"wp:attachment":[{"href":"https:\/\/old.aldes-na.com\/fr\/wp-json\/wp\/v2\/media?parent=8814"}],"curies":[{"name":"wp","href":"https:\/\/api.w.org\/{rel}","templated":true}]}}