
{"id":8792,"date":"2020-10-12T17:10:46","date_gmt":"2020-10-12T21:10:46","guid":{"rendered":"http:\/\/webdesignofsarasota.com\/aldesdev\/?page_id=8792"},"modified":"2021-06-17T15:01:46","modified_gmt":"2021-06-17T19:01:46","slug":"lentreprise","status":"publish","type":"page","link":"https:\/\/old.aldes-na.com\/fr\/ventilation-commerciale\/lentreprise\/","title":{"rendered":"\u00c0 propos d&#8217;Aldes"},"content":{"rendered":"<div id=\"pl-8792\"  class=\"panel-layout\" ><div id=\"pg-8792-0\"  class=\"panel-grid panel-no-style\" ><div id=\"pgc-8792-0-0\"  class=\"panel-grid-cell\" ><div id=\"panel-8792-0-0-0\" class=\"so-panel widget widget_sow-editor panel-first-child\" data-index=\"0\" ><div\n\t\t\t\n\t\t\tclass=\"so-widget-sow-editor so-widget-sow-editor-base\"\n\t\t\t\n\t\t>\n<div class=\"siteorigin-widget-tinymce textwidget\">\n\t<div data-mode=\"normal\" data-oembed=\"1\" data-provider=\"youtube\" id=\"arve-youtube--jluz2rtdh8-2\" style=\"max-width:680px;\" class=\"arve\">\n<div class=\"arve-inner\">\n<div style=\"aspect-ratio:680\/383\" class=\"arve-embed arve-embed--has-aspect-ratio\">\n<div class=\"arve-ar\" style=\"padding-top:56.323529%\"><\/div>\n<p>\t\t\t<iframe allow=\"accelerometer &apos;none&apos;;autoplay &apos;none&apos;;bluetooth &apos;none&apos;;browsing-topics &apos;none&apos;;camera &apos;none&apos;;clipboard-read &apos;none&apos;;clipboard-write;display-capture &apos;none&apos;;encrypted-media &apos;none&apos;;gamepad &apos;none&apos;;geolocation &apos;none&apos;;gyroscope &apos;none&apos;;hid &apos;none&apos;;identity-credentials-get &apos;none&apos;;idle-detection &apos;none&apos;;keyboard-map &apos;none&apos;;local-fonts;magnetometer &apos;none&apos;;microphone &apos;none&apos;;midi &apos;none&apos;;otp-credentials &apos;none&apos;;payment &apos;none&apos;;picture-in-picture;publickey-credentials-create &apos;none&apos;;publickey-credentials-get &apos;none&apos;;screen-wake-lock &apos;none&apos;;serial &apos;none&apos;;summarizer &apos;none&apos;;sync-xhr;usb &apos;none&apos;;web-share;window-management &apos;none&apos;;xr-spatial-tracking &apos;none&apos;;\" allowfullscreen=\"\" class=\"arve-iframe fitvidsignore\" credentialless data-arve=\"arve-youtube--jluz2rtdh8-2\" data-lenis-prevent=\"\" data-src-no-ap=\"https:\/\/www.youtube-nocookie.com\/embed\/-jLUZ2rTdH8?feature=oembed&iv_load_policy=3&modestbranding=1&rel=0&autohide=1&playsinline=0&autoplay=0\" frameborder=\"0\" height=\"383\" loading=\"lazy\" name=\"\" referrerpolicy=\"strict-origin-when-cross-origin\" sandbox=\"allow-scripts allow-same-origin allow-presentation allow-popups allow-popups-to-escape-sandbox\" scrolling=\"no\" src=\"https:\/\/www.youtube-nocookie.com\/embed\/-jLUZ2rTdH8?feature=oembed&iv_load_policy=3&modestbranding=1&rel=0&autohide=1&playsinline=0&autoplay=0\" title=\"\" width=\"680\"><\/iframe><\/p><\/div>\n<\/p><\/div>\n<p>\t<script type=\"application\/ld+json\">{\"@context\":\"http:\\\/\\\/schema.org\\\/\",\"@id\":\"https:\\\/\\\/old.aldes-na.com\\\/fr\\\/ventilation-commerciale\\\/lentreprise\\\/#arve-youtube--jluz2rtdh8-2\",\"type\":\"VideoObject\",\"embedURL\":\"https:\\\/\\\/www.youtube-nocookie.com\\\/embed\\\/-jLUZ2rTdH8?feature=oembed&iv_load_policy=3&modestbranding=1&rel=0&autohide=1&playsinline=0&autoplay=0\"}<\/script><\/p>\n<\/div>\n<p>Aldes Am\u00e9rique du Nord est un leader dans le secteur des syst\u00e8mes de ventilation \u00e0 r\u00e9cup\u00e9ration de chaleur et d'\u00e9nergie pour les logements multifamiliaux, les h\u00f4tels, les \u00e9coles, les maisons et les applications commerciales. Gr\u00e2ce \u00e0 des solutions de pointe, chaque produit Aldes est une combinaison d'innovation et d'exp\u00e9rience. Des r\u00e9gulateurs de d\u00e9bit d'air aux ventilateurs r\u00e9cup\u00e9rateurs de chaleur et d'\u00e9nergie, les produits Aldes sont pr\u00e9sents dans les maisons et les b\u00e2timents les plus performants \u00e0 travers l'Am\u00e9rique du Nord.<\/p>\n<p>Depuis plus de 30 ans, Aldes Am\u00e9rique du Nord a r\u00e9solu des probl\u00e8mes de qualit\u00e9 de l'air int\u00e9rieur en adoptant une approche orient\u00e9e vers le produit. Les produits Aldes sont con\u00e7us pour un contr\u00f4le sup\u00e9rieur du d\u00e9bit d'air, des performances \u00e9nerg\u00e9tiques efficaces et un environnement int\u00e9rieur sain.<\/p>\n<p>Aldes propose des produits de ventilation sp\u00e9cialis\u00e9s pour les maisons individuelles jusqu'aux immeubles commerciau. Les constructeurs \u00e0 la recherche de produits conformes pour des projets LEED ou les concepteurs travaillant dans des conditions difficiles, avec des espaces restreints, trouveront que les produits Aldes sont rentables et adapt\u00e9s \u00e0 leurs besoins particuliers en mati\u00e8re de ventilation et de qualit\u00e9 de l'air int\u00e9rieur.<\/p>\n<p>Lors de la conception de votre solution de ventilation, les experts d'Aldes prennent en compte de nombreux facteurs de construction : conditions environnementales, type de b\u00e2timent, d\u00e9mographie des occupants, codes et r\u00e9glementations locaux, ainsi que des consid\u00e9rations budg\u00e9taires. Cette analyse approfondie garantit que le produit que vous recevrez sera une solution sur mesure pour des performances durables.<\/p>\n<p>Avec son bureau canadien \u00e0 Saint-L\u00e9onard-d'Aston, au Qu\u00e9bec, et son bureau am\u00e9ricain \u00e0 Bradenton, en Floride, Aldes Am\u00e9rique du Nord est une filiale du groupe Aldes, bas\u00e9 \u00e0 Lyon, en France.<\/p>\n<h2>Carri\u00e8res<\/h2>\n<p>Vous \u00eates pr\u00e9sentement en recherche d\u2019emploi? Aldes est r\u00e9guli\u00e8rement \u00e0 la recherche de nouveaux candidats et nouvelles candidates pour combler des postes, particuli\u00e8rement dans les domaines de l\u2019ing\u00e9nierie, de l\u2019administration et de la fabrication. Consultez la section <a href=\"https:\/\/www.aldes-na.com\/fr\/carrieres\/\">carri\u00e8res<\/a> pour conna\u00eetre nos diff\u00e9rentes opportunit\u00e9s d\u2019emplois.<\/p>\n<h2>Le groupe Aldes<\/h2>\n<p>\u00c9tabli en 1925, le Groupe Aldes est une entreprise familiale internationale comptant plus de 1 300 employ\u00e9s et 17 filiales dans 13 pays. Les produits Aldes se trouvent dans plus de 2 millions d\u2019habitations mondialement. D\u00e9couvrez le <a href=\"https:\/\/www.aldes.com\/fr\/\">Groupe Aldes.<\/a><\/p>\n<img decoding=\"async\" src=\"https:\/\/www.aldes-na.com\/wp-content\/uploads\/2019\/08\/Key_Visuel_HealthyLivingphoQ68.jpg\" \/>\n<\/div>\n<\/div><\/div><div id=\"panel-8792-0-0-1\" class=\"widget_text so-panel widget widget_custom_html panel-last-child\" data-index=\"1\" ><div class=\"textwidget custom-html-widget\">        <div id='divCounter'><\/div>\n        <div id=\"infosCounter\">\n            Le nombre de personnes respirant l'air d'Aldes Groupe.\n        <\/div>\n    <!--<div id='divCounter'><\/div>-->\n <script type=\"text\/javascript\">\n        var glCounter = new counter({\n            taille: 'big', \/\/ 'small', 'medium' ou 'big'. ***\n            parent: 'divCounter',\n            align: 'center', \/\/ screenCenter, center, left, right. ***\n            refresh: 0, \/\/ en millisecondes, soit 1000 = 1 seconde ; 0 si on veut un refresh automatique g\u00e9r\u00e9 par la r\u00e9ponse du webservice. ***\n            prefixString: '', \/\/'Aldes Groupe',\n            suffixString: '' \/\/'Air Consumers'\n        });\n        glCounter.afficheCounter();\n    <\/script><\/div><\/div><\/div><\/div><\/div>","protected":false},"excerpt":{"rendered":"<p>Aldes Am\u00e9rique du Nord est un leader dans le secteur des syst\u00e8mes de ventilation \u00e0 r\u00e9cup\u00e9ration de chaleur et d&#8217;\u00e9nergie pour les logements multifamiliaux, les h\u00f4tels, les \u00e9coles, les maisons et les applications commerciales. Gr\u00e2ce \u00e0 des solutions de pointe, chaque produit Aldes est une combinaison d&#8217;innovation et d&#8217;exp\u00e9rience. Des r\u00e9gulateurs de d\u00e9bit d&#8217;air aux&#8230;  <a class=\"excerpt-read-more\" href=\"https:\/\/old.aldes-na.com\/fr\/ventilation-commerciale\/lentreprise\/\" title=\"Lire\u00c0 propos d&#8217;Aldes\">Lire la suite<\/a><\/p>\n","protected":false},"author":4,"featured_media":0,"parent":9079,"menu_order":0,"comment_status":"closed","ping_status":"closed","template":"","meta":{"footnotes":""},"class_list":["post-8792","page","type-page","status-publish","hentry"],"acf":[],"_links":{"self":[{"href":"https:\/\/old.aldes-na.com\/fr\/wp-json\/wp\/v2\/pages\/8792","targetHints":{"allow":["GET"]}}],"collection":[{"href":"https:\/\/old.aldes-na.com\/fr\/wp-json\/wp\/v2\/pages"}],"about":[{"href":"https:\/\/old.aldes-na.com\/fr\/wp-json\/wp\/v2\/types\/page"}],"author":[{"embeddable":true,"href":"https:\/\/old.aldes-na.com\/fr\/wp-json\/wp\/v2\/users\/4"}],"replies":[{"embeddable":true,"href":"https:\/\/old.aldes-na.com\/fr\/wp-json\/wp\/v2\/comments?post=8792"}],"version-history":[{"count":29,"href":"https:\/\/old.aldes-na.com\/fr\/wp-json\/wp\/v2\/pages\/8792\/revisions"}],"predecessor-version":[{"id":10279,"href":"https:\/\/old.aldes-na.com\/fr\/wp-json\/wp\/v2\/pages\/8792\/revisions\/10279"}],"up":[{"embeddable":true,"href":"https:\/\/old.aldes-na.com\/fr\/wp-json\/wp\/v2\/pages\/9079"}],"wp:attachment":[{"href":"https:\/\/old.aldes-na.com\/fr\/wp-json\/wp\/v2\/media?parent=8792"}],"curies":[{"name":"wp","href":"https:\/\/api.w.org\/{rel}","templated":true}]}}