
{"id":8786,"date":"2020-10-12T16:58:25","date_gmt":"2020-10-12T20:58:25","guid":{"rendered":"http:\/\/webdesignofsarasota.com\/aldesdev\/?page_id=8786"},"modified":"2021-01-05T15:51:07","modified_gmt":"2021-01-05T20:51:07","slug":"produits","status":"publish","type":"page","link":"https:\/\/old.aldes-na.com\/fr\/ventilation-residentielle\/produits\/","title":{"rendered":"Produits"},"content":{"rendered":"<div id=\"pl-8786\"  class=\"panel-layout\" ><div id=\"pg-8786-0\"  class=\"panel-grid panel-no-style\" ><div id=\"pgc-8786-0-0\"  class=\"panel-grid-cell\" ><div id=\"panel-8786-0-0-0\" class=\"so-panel widget widget_sow-editor panel-first-child\" data-index=\"0\" ><div\n\t\t\t\n\t\t\tclass=\"so-widget-sow-editor so-widget-sow-editor-base\"\n\t\t\t\n\t\t>\n<div class=\"siteorigin-widget-tinymce textwidget\">\n\t<div style=\"text-align: center;\"><a href=\"\/\/wp73740.wpdns.ca\/fr\/produits\/ventilation-residentielle\/\"><img loading=\"lazy\" decoding=\"async\" class=\"alignright size-full wp-image-3655\" src=\"\/\/wp73740.wpdns.ca\/wp-content\/uploads\/2018\/01\/residentiel.png\" alt=\"\" width=\"570\" height=\"354\"><\/a><\/div>\n<div style=\"text-align: center;\">\n<h4><a href=\"\/\/wp73740.wpdns.ca\/fr\/produits\/ventilation-residentielle\/\">Ventilation R\u00e9sidentiel <\/a><\/h4>\n<\/div>\n<\/div>\n<\/div><\/div><div id=\"panel-8786-0-0-1\" class=\"so-panel widget widget_sow-editor panel-last-child\" data-index=\"1\" ><div\n\t\t\t\n\t\t\tclass=\"so-widget-sow-editor so-widget-sow-editor-base\"\n\t\t\t\n\t\t>\n<div class=\"siteorigin-widget-tinymce textwidget\">\n\t<div style=\"text-align: center;\"><a href=\"http:\/\/www.aldes.ca\/fr\/produits\/ressources\/\"><img loading=\"lazy\" decoding=\"async\" class=\"alignnone wp-image-12407 size-medium\" src=\"https:\/\/www.aldes.ca\/wp-content\/uploads\/2020\/10\/Office1_Aldes_HealthyLiving_090-463x300.jpg\" alt=\"\" width=\"463\" height=\"300\"><\/a><\/div>\n<div style=\"text-align: center;\">\n<h4><a href=\"https:\/\/www.aldes.ca\/fr\/produits\/ressources\/\">Ressources<\/a><\/h4>\n<\/div>\n<\/div>\n<\/div><\/div><\/div><div id=\"pgc-8786-0-1\"  class=\"panel-grid-cell\" ><div id=\"panel-8786-0-1-0\" class=\"so-panel widget widget_sow-editor panel-first-child panel-last-child\" data-index=\"2\" ><div\n\t\t\t\n\t\t\tclass=\"so-widget-sow-editor so-widget-sow-editor-base\"\n\t\t\t\n\t\t>\n<div class=\"siteorigin-widget-tinymce textwidget\">\n\t<div style=\"text-align: center;\"><a href=\"\/\/wp73740.wpdns.ca\/fr\/produits\/ventilation-commerciale\/\"><img loading=\"lazy\" decoding=\"async\" src=\"\/\/wp73740.wpdns.ca\/wp-content\/uploads\/2018\/01\/Commercial.png\" alt=\"\" width=\"526\" height=\"325\" class=\"alignright size-full wp-image-3663\"><\/a><\/div>\n<div style=\"text-align: center;\">\n<h4><a href=\"\/\/wp73740.wpdns.ca\/fr\/produits\/ventilation-commerciale\/\">Ventilation Commercial<\/a><\/h4>\n<\/div>\n<\/div>\n<\/div><\/div><\/div><div id=\"pgc-8786-0-2\"  class=\"panel-grid-cell\" ><div id=\"panel-8786-0-2-0\" class=\"so-panel widget widget_sow-editor panel-first-child panel-last-child\" data-index=\"3\" ><div\n\t\t\t\n\t\t\tclass=\"so-widget-sow-editor so-widget-sow-editor-base\"\n\t\t\t\n\t\t>\n<div class=\"siteorigin-widget-tinymce textwidget\">\n\t<div style=\"text-align: center;\"><a href=\"https:\/\/www.aldes-na.com\/fr\/cat%C3%A9gorie-de-produits-commerciaux\/regulateur-de-debit-dair\/\"><img loading=\"lazy\" decoding=\"async\" class=\"alignright wp-image-3668 size-full\" src=\"\/\/wp73740.wpdns.ca\/wp-content\/uploads\/2018\/01\/Reg_debit_air.png\" alt=\"\" width=\"523\" height=\"325\" \/><\/a><\/div>\n<div style=\"text-align: center;\">\n<h4><a href=\"\/\/wp73740.wpdns.ca\/fr\/produits\/regulateure-de-debit-air\/\">R\u00e9gulateur de d\u00e9bit d\u2019air<\/a><\/h4>\n<\/div>\n<\/div>\n<\/div><\/div><\/div><\/div><\/div>","protected":false},"excerpt":{"rendered":"<p>Ventilation R\u00e9sidentiel Ressources Ventilation Commercial R\u00e9gulateur de d\u00e9bit d\u2019air<\/p>\n","protected":false},"author":4,"featured_media":0,"parent":8773,"menu_order":0,"comment_status":"closed","ping_status":"closed","template":"page-wide.php","meta":{"footnotes":""},"class_list":["post-8786","page","type-page","status-publish","hentry"],"acf":[],"_links":{"self":[{"href":"https:\/\/old.aldes-na.com\/fr\/wp-json\/wp\/v2\/pages\/8786","targetHints":{"allow":["GET"]}}],"collection":[{"href":"https:\/\/old.aldes-na.com\/fr\/wp-json\/wp\/v2\/pages"}],"about":[{"href":"https:\/\/old.aldes-na.com\/fr\/wp-json\/wp\/v2\/types\/page"}],"author":[{"embeddable":true,"href":"https:\/\/old.aldes-na.com\/fr\/wp-json\/wp\/v2\/users\/4"}],"replies":[{"embeddable":true,"href":"https:\/\/old.aldes-na.com\/fr\/wp-json\/wp\/v2\/comments?post=8786"}],"version-history":[{"count":3,"href":"https:\/\/old.aldes-na.com\/fr\/wp-json\/wp\/v2\/pages\/8786\/revisions"}],"predecessor-version":[{"id":12492,"href":"https:\/\/old.aldes-na.com\/fr\/wp-json\/wp\/v2\/pages\/8786\/revisions\/12492"}],"up":[{"embeddable":true,"href":"https:\/\/old.aldes-na.com\/fr\/wp-json\/wp\/v2\/pages\/8773"}],"wp:attachment":[{"href":"https:\/\/old.aldes-na.com\/fr\/wp-json\/wp\/v2\/media?parent=8786"}],"curies":[{"name":"wp","href":"https:\/\/api.w.org\/{rel}","templated":true}]}}