
{"id":8773,"date":"2020-10-12T16:46:18","date_gmt":"2020-10-12T20:46:18","guid":{"rendered":"http:\/\/webdesignofsarasota.com\/aldesdev\/?page_id=8773"},"modified":"2020-12-03T20:43:47","modified_gmt":"2020-12-04T01:43:47","slug":"ventilation-residentielle","status":"publish","type":"page","link":"https:\/\/old.aldes-na.com\/fr\/ventilation-residentielle\/","title":{"rendered":"Ventilation r\u00e9sidentielle"},"content":{"rendered":"<p><img loading=\"lazy\" decoding=\"async\" class=\"alignright size-full wp-image-3702\" src=\"\/\/wp73740.wpdns.ca\/wp-content\/uploads\/2018\/02\/residentiel-1.png\" alt=\"\" width=\"570\" height=\"354\" \/>Aldes Am\u00e9rique du Nord offre une solution compl\u00e8te au niveau de la ventilation r\u00e9sidentielle, avec nos ventilateurs r\u00e9cup\u00e9rateurs de chaleur (VRC), nos filtres et contr\u00f4les \u00e9lectroniques ainsi que notre syst\u00e8me de gestion du d\u00e9bit d\u2019air unique sur le march\u00e9 canadien. Notre offre de VRC est compatible avec tous types de construction.<\/p>\n<p>Que ce soit pour la construction d\u2019une maison unifamiliale, de condos ou d&#8217;une tour d\u2019habitation, nous avons le mod\u00e8le d&#8217;\u00e9changeur d\u2019air qui r\u00e9pondra \u00e0 votre besoin. De plus, renseignez-vous \u00e0 propos de nos d\u2019\u00e9changeurs d\u2019air qui r\u00e9pondent aux normes en mati\u00e8re d&#8217;efficacit\u00e9 \u00e9nerg\u00e9tique.<\/p>\n\n<div class=\"residential-product-categories-list-container cf\">\n  \n        \n    <div class=\"flex-list grid-list residential-product-categories-list cf\">\n    \n            \n        <div class=\"m-all t-1of2 d-1of2 flex-list-item grid-list-item residential-product-categories-list-item cf\">\n            \n            <div class=\"inner-flex-list-item inner-grid-list-item cf\">\n                \n                <a href=\"https:\/\/old.aldes-na.com\/fr\/cat\u00e9gorie-de-produits-r\u00e9sidentiels\/vrc-vre\/\" title=\"Ventilation r\u00e9sidentielle\">\n                \n                    <div class=\"grid-list-image cf\">\n                        \n                            \n    \n                                                        \n                                <img loading=\"lazy\" decoding=\"async\" src=\"https:\/\/old.aldes-na.com\/wp-content\/uploads\/2020\/10\/ResidentialCategories_v2_H-ERV-1-300x239.jpg\" width=\"300\" height=\"239\" \/>\n                            \n                            \n                                \n    \n                                                \n                    <\/div>\n                    \n                    <div class=\"grid-list-content cf\">\n                        <h4>VRC\/VRE<\/h4>\n                    <\/div>\n                \n                <\/a>\n                \n            <\/div>\n            \n        <\/div>\n    \n                \n        <div class=\"m-all t-1of2 d-1of2 flex-list-item grid-list-item residential-product-categories-list-item cf\">\n            \n            <div class=\"inner-flex-list-item inner-grid-list-item cf\">\n                \n                <a href=\"https:\/\/old.aldes-na.com\/fr\/cat\u00e9gorie-de-produits-r\u00e9sidentiels\/airflow-zone-controls-fr\/\" title=\"Ventilation r\u00e9sidentielle\">\n                \n                    <div class=\"grid-list-image cf\">\n                        \n                            \n    \n                                                        \n                                <img loading=\"lazy\" decoding=\"async\" src=\"https:\/\/old.aldes-na.com\/wp-content\/uploads\/2021\/01\/CommercialCategories_airflow_CAR3-e1610481638852-1.jpg\" width=\"300\" height=\"239\" \/>\n                            \n                            \n                                \n    \n                                                \n                    <\/div>\n                    \n                    <div class=\"grid-list-content cf\">\n                        <h4>R\u00e9gulateur de d\u00e9bit d\u2019air<\/h4>\n                    <\/div>\n                \n                <\/a>\n                \n            <\/div>\n            \n        <\/div>\n    \n                \n        <div class=\"m-all t-1of2 d-1of2 flex-list-item grid-list-item residential-product-categories-list-item cf\">\n            \n            <div class=\"inner-flex-list-item inner-grid-list-item cf\">\n                \n                <a href=\"https:\/\/old.aldes-na.com\/fr\/cat\u00e9gorie-de-produits-r\u00e9sidentiels\/qualite-air-interieur-maison\/\" title=\"Ventilation r\u00e9sidentielle\">\n                \n                    <div class=\"grid-list-image cf\">\n                        \n                            \n    \n                                                        \n                                <img loading=\"lazy\" decoding=\"async\" src=\"https:\/\/old.aldes-na.com\/wp-content\/uploads\/2021\/01\/ResidentialCategories_WholehouseIAQ.jpg\" width=\"300\" height=\"239\" \/>\n                            \n                            \n                                \n    \n                                                \n                    <\/div>\n                    \n                    <div class=\"grid-list-content cf\">\n                        <h4>Qualit\u00e9 d'air int\u00e9rieur pour la maison enti\u00e8re<\/h4>\n                    <\/div>\n                \n                <\/a>\n                \n            <\/div>\n            \n        <\/div>\n    \n                \n        <div class=\"m-all t-1of2 d-1of2 flex-list-item grid-list-item residential-product-categories-list-item cf\">\n            \n            <div class=\"inner-flex-list-item inner-grid-list-item cf\">\n                \n                <a href=\"https:\/\/old.aldes-na.com\/fr\/cat\u00e9gorie-de-produits-r\u00e9sidentiels\/accessoires\/\" title=\"Ventilation r\u00e9sidentielle\">\n                \n                    <div class=\"grid-list-image cf\">\n                        \n                            \n    \n                                                        \n                                <img loading=\"lazy\" decoding=\"async\" src=\"https:\/\/old.aldes-na.com\/wp-content\/uploads\/2024\/08\/ResidentialCategories_v2_FanControls_2024-300x239.png\" width=\"300\" height=\"239\" \/>\n                            \n                            \n                                \n    \n                                                \n                    <\/div>\n                    \n                    <div class=\"grid-list-content cf\">\n                        <h4>Accessoires<\/h4>\n                    <\/div>\n                \n                <\/a>\n                \n            <\/div>\n            \n        <\/div>\n    \n                \n        <div class=\"m-all t-1of2 d-1of2 flex-list-item grid-list-item residential-product-categories-list-item cf\">\n            \n            <div class=\"inner-flex-list-item inner-grid-list-item cf\">\n                \n                <a href=\"https:\/\/old.aldes-na.com\/fr\/cat\u00e9gorie-de-produits-r\u00e9sidentiels\/produits-discontinues\/\" title=\"Ventilation r\u00e9sidentielle\">\n                \n                    <div class=\"grid-list-image cf\">\n                        \n                            \n    \n                                                        \n                                <img loading=\"lazy\" decoding=\"async\" src=\"https:\/\/old.aldes-na.com\/wp-content\/uploads\/2020\/10\/ResidentialCategories_v2_H-ERV-1-300x239.jpg\" width=\"300\" height=\"239\" \/>\n                            \n                            \n                                \n    \n                                                \n                    <\/div>\n                    \n                    <div class=\"grid-list-content cf\">\n                        <h4>Produits discontinu\u00e9s<\/h4>\n                    <\/div>\n                \n                <\/a>\n                \n            <\/div>\n            \n        <\/div>\n    \n            \n    <\/div>\n    \n<\/div>\n\n\n","protected":false},"excerpt":{"rendered":"<p>Aldes Am\u00e9rique du Nord offre une solution compl\u00e8te au niveau de la ventilation r\u00e9sidentielle, avec nos ventilateurs r\u00e9cup\u00e9rateurs de chaleur (VRC), nos filtres et contr\u00f4les \u00e9lectroniques ainsi que notre syst\u00e8me de gestion du d\u00e9bit d\u2019air unique sur le march\u00e9 canadien. Notre offre de VRC est compatible avec tous types de construction. Que ce soit pour&#8230;  <a class=\"excerpt-read-more\" href=\"https:\/\/old.aldes-na.com\/fr\/ventilation-residentielle\/\" title=\"LireVentilation r\u00e9sidentielle\">Lire la suite<\/a><\/p>\n","protected":false},"author":4,"featured_media":0,"parent":0,"menu_order":0,"comment_status":"closed","ping_status":"closed","template":"page-wide.php","meta":{"footnotes":""},"class_list":["post-8773","page","type-page","status-publish","hentry"],"acf":[],"_links":{"self":[{"href":"https:\/\/old.aldes-na.com\/fr\/wp-json\/wp\/v2\/pages\/8773","targetHints":{"allow":["GET"]}}],"collection":[{"href":"https:\/\/old.aldes-na.com\/fr\/wp-json\/wp\/v2\/pages"}],"about":[{"href":"https:\/\/old.aldes-na.com\/fr\/wp-json\/wp\/v2\/types\/page"}],"author":[{"embeddable":true,"href":"https:\/\/old.aldes-na.com\/fr\/wp-json\/wp\/v2\/users\/4"}],"replies":[{"embeddable":true,"href":"https:\/\/old.aldes-na.com\/fr\/wp-json\/wp\/v2\/comments?post=8773"}],"version-history":[{"count":3,"href":"https:\/\/old.aldes-na.com\/fr\/wp-json\/wp\/v2\/pages\/8773\/revisions"}],"predecessor-version":[{"id":10502,"href":"https:\/\/old.aldes-na.com\/fr\/wp-json\/wp\/v2\/pages\/8773\/revisions\/10502"}],"wp:attachment":[{"href":"https:\/\/old.aldes-na.com\/fr\/wp-json\/wp\/v2\/media?parent=8773"}],"curies":[{"name":"wp","href":"https:\/\/api.w.org\/{rel}","templated":true}]}}