
{"id":16069,"date":"2021-10-05T15:31:52","date_gmt":"2021-10-05T19:31:52","guid":{"rendered":"https:\/\/www.aldes-na.com\/ventilation-commerciale\/lentreprise\/aldes-and-iaq\/"},"modified":"2022-04-28T12:03:37","modified_gmt":"2022-04-28T16:03:37","slug":"aldes-et-qai","status":"publish","type":"page","link":"https:\/\/old.aldes-na.com\/fr\/ventilation-commerciale\/lentreprise\/aldes-et-qai\/","title":{"rendered":"Aldes et la QAI"},"content":{"rendered":"\n<figure class=\"wp-block-image size-large\"><img loading=\"lazy\" decoding=\"async\" width=\"930\" height=\"278\" src=\"https:\/\/www.aldes-na.com\/wp-content\/uploads\/2021\/10\/BanniereINT_Paroles-dexperts_SitePro-FR.png\" alt=\"\" class=\"wp-image-16073\" srcset=\"https:\/\/old.aldes-na.com\/wp-content\/uploads\/2021\/10\/BanniereINT_Paroles-dexperts_SitePro-FR.png 930w, https:\/\/old.aldes-na.com\/wp-content\/uploads\/2021\/10\/BanniereINT_Paroles-dexperts_SitePro-FR-300x90.png 300w, https:\/\/old.aldes-na.com\/wp-content\/uploads\/2021\/10\/BanniereINT_Paroles-dexperts_SitePro-FR-768x230.png 768w\" sizes=\"auto, (max-width: 930px) 100vw, 930px\" \/><\/figure>\n\n\n\n<h2 class=\"wp-block-heading\">La qualit\u00e9 d&#8217;air int\u00e9rieur, une affaire de tous&nbsp;<\/h2>\n\n\n\n<p><strong>12.000 litres.&nbsp;<\/strong>C&#8217;est la quantit\u00e9 d&#8217;air que nous respirons chaque jour.&nbsp;12 000 litres d&#8217;air, c&#8217;est 26 000 respirations\u2026Puisque l&#8217;air ne sert pas qu\u2019\u00e0 respirer mais nous aide \u00e0 vivre une vie plus saine, Aldes s\u2019engage au quotidien pour&nbsp;<strong>contribuer \u00e0 prendre soin de la sant\u00e9 de chacun dans les b\u00e2timents.<\/strong><\/p>\n\n\n\n<p>Saviez-vous que l&#8217;air int\u00e9rieur est&nbsp;<strong>jusqu&#8217;\u00e0 8x plus pollu\u00e9<\/strong>&nbsp;qu&#8217;\u00e0 l&#8217;ext\u00e9rieur et que nous&nbsp;<strong>passons 90 % de notre temps \u00e0 l&#8217;int\u00e9rieur&nbsp;?<\/strong><\/p>\n\n\n\n<p>Saviez-vous qu&#8217;une mauvaise qualit\u00e9 d&#8217;air int\u00e9rieur provoque des cancers, des allergies, des insomnies et des troubles respiratoires et que&nbsp;<strong>4 millions* de personnes<\/strong>&nbsp;sont impact\u00e9s par la mauvaise qualit\u00e9 d&#8217;air en France et&nbsp;<strong>235 millions**<\/strong>&nbsp;dans le monde entier&nbsp;?<\/p>\n\n\n\n<p>Chez Aldes, la Qualit\u00e9 d&#8217;Air Int\u00e9rieur (QAI) n&#8217;est pas un myst\u00e8re : Bien ancr\u00e9e dans notre ADN, nous travaillons au fil des d\u00e9cennies avec les professionnels du b\u00e2timent pour contribuer \u00e0 d\u00e9velopper des espaces de vie plus sains. &nbsp;Gr\u00e2ce \u00e0 la ma\u00eetrise de l\u2019air, Aldes contribue ainsi \u00e0 d\u00e9velopper des lieux de vie sains et intelligents. Dans nos maisons, nos bureaux et partout o\u00f9 nous \u00e9voluons, Aldes veille \u00e0 notre bien-\u00eatre en proposant des solutions innovantes pour am\u00e9liorer la qualit\u00e9 de l\u2019air int\u00e9rieur. Des solutions performantes et respectueuses de l\u2019environnement qui permettent de renouveler et purifier l\u2019air int\u00e9rieur, le r\u00e9chauffer, le rafra\u00eechir et produire de l\u2019eau chaude sanitaire.<\/p>\n\n\n\n<p><strong>M\u00e9decin, chercheur, ing\u00e9nieur, \u00e9lu, installateur et m\u00eame clients, d\u00e9couvrez notre s\u00e9rie de t\u00e9moignages d&#8217;experts sur les questions que se posent vos clients sur la qualit\u00e9 d&#8217;air int\u00e9rieur.<\/strong><\/p>\n\n\n\n<p><\/p>\n\n\n\n<figure class=\"wp-block-embed is-type-video is-provider-youtube wp-block-embed-youtube\"><div style=\"display: contents;\" >\n\n<div data-mode=\"normal\" data-oembed=\"1\" data-provider=\"youtube\" id=\"arve-youtube-lgoal34df4m\" style=\"max-width:680px;\" class=\"arve\">\n\t<div class=\"arve-inner\">\n\t\t<div style=\"aspect-ratio:4\/3\" class=\"arve-embed arve-embed--has-aspect-ratio\">\n\t\t\t<div class=\"arve-ar\" style=\"padding-top:75.000000%\"><\/div>\n\t\t\t<iframe allow=\"accelerometer &apos;none&apos;;autoplay &apos;none&apos;;bluetooth &apos;none&apos;;browsing-topics &apos;none&apos;;camera &apos;none&apos;;clipboard-read &apos;none&apos;;clipboard-write;display-capture &apos;none&apos;;encrypted-media &apos;none&apos;;gamepad &apos;none&apos;;geolocation &apos;none&apos;;gyroscope &apos;none&apos;;hid &apos;none&apos;;identity-credentials-get &apos;none&apos;;idle-detection &apos;none&apos;;keyboard-map &apos;none&apos;;local-fonts;magnetometer &apos;none&apos;;microphone &apos;none&apos;;midi &apos;none&apos;;otp-credentials &apos;none&apos;;payment &apos;none&apos;;picture-in-picture;publickey-credentials-create &apos;none&apos;;publickey-credentials-get &apos;none&apos;;screen-wake-lock &apos;none&apos;;serial &apos;none&apos;;summarizer &apos;none&apos;;sync-xhr;usb &apos;none&apos;;web-share;window-management &apos;none&apos;;xr-spatial-tracking &apos;none&apos;;\" allowfullscreen=\"\" class=\"arve-iframe fitvidsignore\" credentialless data-arve=\"arve-youtube-lgoal34df4m\" data-lenis-prevent=\"\" data-src-no-ap=\"https:\/\/www.youtube-nocookie.com\/embed\/LGoAL34DF4M?feature=oembed&iv_load_policy=3&modestbranding=1&rel=0&autohide=1&playsinline=0&autoplay=0\" frameborder=\"0\" height=\"510\" loading=\"lazy\" name=\"\" referrerpolicy=\"strict-origin-when-cross-origin\" sandbox=\"allow-scripts allow-same-origin allow-presentation allow-popups allow-popups-to-escape-sandbox\" scrolling=\"no\" src=\"https:\/\/www.youtube-nocookie.com\/embed\/LGoAL34DF4M?feature=oembed&iv_load_policy=3&modestbranding=1&rel=0&autohide=1&playsinline=0&autoplay=0\" title=\"\" width=\"680\"><\/iframe>\n\t\t\t\n\t\t<\/div>\n\t\t\n\t<\/div>\n\t\n\t\n\t<script type=\"application\/ld+json\">{\"@context\":\"http:\\\/\\\/schema.org\\\/\",\"@id\":\"https:\\\/\\\/old.aldes-na.com\\\/fr\\\/ventilation-commerciale\\\/lentreprise\\\/aldes-et-qai\\\/#arve-youtube-lgoal34df4m\",\"type\":\"VideoObject\",\"embedURL\":\"https:\\\/\\\/www.youtube-nocookie.com\\\/embed\\\/LGoAL34DF4M?feature=oembed&iv_load_policy=3&modestbranding=1&rel=0&autohide=1&playsinline=0&autoplay=0\"}<\/script>\n\t\n<\/div>\n<\/div><\/figure>\n\n\n\n<figure class=\"wp-block-embed is-type-video is-provider-youtube wp-block-embed-youtube\"><div style=\"display: contents;\" >\n\n<div data-mode=\"normal\" data-oembed=\"1\" data-provider=\"youtube\" id=\"arve-youtube-cfxudgjpizu\" style=\"max-width:680px;\" class=\"arve\">\n\t<div class=\"arve-inner\">\n\t\t<div style=\"aspect-ratio:4\/3\" class=\"arve-embed arve-embed--has-aspect-ratio\">\n\t\t\t<div class=\"arve-ar\" style=\"padding-top:75.000000%\"><\/div>\n\t\t\t<iframe allow=\"accelerometer &apos;none&apos;;autoplay &apos;none&apos;;bluetooth &apos;none&apos;;browsing-topics &apos;none&apos;;camera &apos;none&apos;;clipboard-read &apos;none&apos;;clipboard-write;display-capture &apos;none&apos;;encrypted-media &apos;none&apos;;gamepad &apos;none&apos;;geolocation &apos;none&apos;;gyroscope &apos;none&apos;;hid &apos;none&apos;;identity-credentials-get &apos;none&apos;;idle-detection &apos;none&apos;;keyboard-map &apos;none&apos;;local-fonts;magnetometer &apos;none&apos;;microphone &apos;none&apos;;midi &apos;none&apos;;otp-credentials &apos;none&apos;;payment &apos;none&apos;;picture-in-picture;publickey-credentials-create &apos;none&apos;;publickey-credentials-get &apos;none&apos;;screen-wake-lock &apos;none&apos;;serial &apos;none&apos;;summarizer &apos;none&apos;;sync-xhr;usb &apos;none&apos;;web-share;window-management &apos;none&apos;;xr-spatial-tracking &apos;none&apos;;\" allowfullscreen=\"\" class=\"arve-iframe fitvidsignore\" credentialless data-arve=\"arve-youtube-cfxudgjpizu\" data-lenis-prevent=\"\" data-src-no-ap=\"https:\/\/www.youtube-nocookie.com\/embed\/cfXuDgjPizU?feature=oembed&iv_load_policy=3&modestbranding=1&rel=0&autohide=1&playsinline=0&autoplay=0\" frameborder=\"0\" height=\"510\" loading=\"lazy\" name=\"\" referrerpolicy=\"strict-origin-when-cross-origin\" sandbox=\"allow-scripts allow-same-origin allow-presentation allow-popups allow-popups-to-escape-sandbox\" scrolling=\"no\" src=\"https:\/\/www.youtube-nocookie.com\/embed\/cfXuDgjPizU?feature=oembed&iv_load_policy=3&modestbranding=1&rel=0&autohide=1&playsinline=0&autoplay=0\" title=\"\" width=\"680\"><\/iframe>\n\t\t\t\n\t\t<\/div>\n\t\t\n\t<\/div>\n\t\n\t\n\t<script type=\"application\/ld+json\">{\"@context\":\"http:\\\/\\\/schema.org\\\/\",\"@id\":\"https:\\\/\\\/old.aldes-na.com\\\/fr\\\/ventilation-commerciale\\\/lentreprise\\\/aldes-et-qai\\\/#arve-youtube-cfxudgjpizu\",\"type\":\"VideoObject\",\"embedURL\":\"https:\\\/\\\/www.youtube-nocookie.com\\\/embed\\\/cfXuDgjPizU?feature=oembed&iv_load_policy=3&modestbranding=1&rel=0&autohide=1&playsinline=0&autoplay=0\"}<\/script>\n\t\n<\/div>\n<\/div><\/figure>\n\n\n\n<figure class=\"wp-block-embed is-type-video is-provider-youtube wp-block-embed-youtube\"><div style=\"display: contents;\" >\n\n<div data-mode=\"normal\" data-oembed=\"1\" data-provider=\"youtube\" id=\"arve-youtube-drgsjrnimp0\" style=\"max-width:680px;\" class=\"arve\">\n\t<div class=\"arve-inner\">\n\t\t<div style=\"aspect-ratio:4\/3\" class=\"arve-embed arve-embed--has-aspect-ratio\">\n\t\t\t<div class=\"arve-ar\" style=\"padding-top:75.000000%\"><\/div>\n\t\t\t<iframe allow=\"accelerometer &apos;none&apos;;autoplay &apos;none&apos;;bluetooth &apos;none&apos;;browsing-topics &apos;none&apos;;camera &apos;none&apos;;clipboard-read &apos;none&apos;;clipboard-write;display-capture &apos;none&apos;;encrypted-media &apos;none&apos;;gamepad &apos;none&apos;;geolocation &apos;none&apos;;gyroscope &apos;none&apos;;hid &apos;none&apos;;identity-credentials-get &apos;none&apos;;idle-detection &apos;none&apos;;keyboard-map &apos;none&apos;;local-fonts;magnetometer &apos;none&apos;;microphone &apos;none&apos;;midi &apos;none&apos;;otp-credentials &apos;none&apos;;payment &apos;none&apos;;picture-in-picture;publickey-credentials-create &apos;none&apos;;publickey-credentials-get &apos;none&apos;;screen-wake-lock &apos;none&apos;;serial &apos;none&apos;;summarizer &apos;none&apos;;sync-xhr;usb &apos;none&apos;;web-share;window-management &apos;none&apos;;xr-spatial-tracking &apos;none&apos;;\" allowfullscreen=\"\" class=\"arve-iframe fitvidsignore\" credentialless data-arve=\"arve-youtube-drgsjrnimp0\" data-lenis-prevent=\"\" data-src-no-ap=\"https:\/\/www.youtube-nocookie.com\/embed\/DRgsjrniMp0?feature=oembed&iv_load_policy=3&modestbranding=1&rel=0&autohide=1&playsinline=0&autoplay=0\" frameborder=\"0\" height=\"510\" loading=\"lazy\" name=\"\" referrerpolicy=\"strict-origin-when-cross-origin\" sandbox=\"allow-scripts allow-same-origin allow-presentation allow-popups allow-popups-to-escape-sandbox\" scrolling=\"no\" src=\"https:\/\/www.youtube-nocookie.com\/embed\/DRgsjrniMp0?feature=oembed&iv_load_policy=3&modestbranding=1&rel=0&autohide=1&playsinline=0&autoplay=0\" title=\"\" width=\"680\"><\/iframe>\n\t\t\t\n\t\t<\/div>\n\t\t\n\t<\/div>\n\t\n\t\n\t<script type=\"application\/ld+json\">{\"@context\":\"http:\\\/\\\/schema.org\\\/\",\"@id\":\"https:\\\/\\\/old.aldes-na.com\\\/fr\\\/ventilation-commerciale\\\/lentreprise\\\/aldes-et-qai\\\/#arve-youtube-drgsjrnimp0\",\"type\":\"VideoObject\",\"embedURL\":\"https:\\\/\\\/www.youtube-nocookie.com\\\/embed\\\/DRgsjrniMp0?feature=oembed&iv_load_policy=3&modestbranding=1&rel=0&autohide=1&playsinline=0&autoplay=0\"}<\/script>\n\t\n<\/div>\n<\/div><\/figure>\n\n\n\n<figure class=\"wp-block-embed is-type-video is-provider-youtube wp-block-embed-youtube\"><div style=\"display: contents;\" >\n\n<div data-mode=\"normal\" data-oembed=\"1\" data-provider=\"youtube\" id=\"arve-youtube-4siplylbonu\" style=\"max-width:680px;\" class=\"arve\">\n\t<div class=\"arve-inner\">\n\t\t<div style=\"aspect-ratio:4\/3\" class=\"arve-embed arve-embed--has-aspect-ratio\">\n\t\t\t<div class=\"arve-ar\" style=\"padding-top:75.000000%\"><\/div>\n\t\t\t<iframe allow=\"accelerometer &apos;none&apos;;autoplay &apos;none&apos;;bluetooth &apos;none&apos;;browsing-topics &apos;none&apos;;camera &apos;none&apos;;clipboard-read &apos;none&apos;;clipboard-write;display-capture &apos;none&apos;;encrypted-media &apos;none&apos;;gamepad &apos;none&apos;;geolocation &apos;none&apos;;gyroscope &apos;none&apos;;hid &apos;none&apos;;identity-credentials-get &apos;none&apos;;idle-detection &apos;none&apos;;keyboard-map &apos;none&apos;;local-fonts;magnetometer &apos;none&apos;;microphone &apos;none&apos;;midi &apos;none&apos;;otp-credentials &apos;none&apos;;payment &apos;none&apos;;picture-in-picture;publickey-credentials-create &apos;none&apos;;publickey-credentials-get &apos;none&apos;;screen-wake-lock &apos;none&apos;;serial &apos;none&apos;;summarizer &apos;none&apos;;sync-xhr;usb &apos;none&apos;;web-share;window-management &apos;none&apos;;xr-spatial-tracking &apos;none&apos;;\" allowfullscreen=\"\" class=\"arve-iframe fitvidsignore\" credentialless data-arve=\"arve-youtube-4siplylbonu\" data-lenis-prevent=\"\" data-src-no-ap=\"https:\/\/www.youtube-nocookie.com\/embed\/4SiPlYlbONU?feature=oembed&iv_load_policy=3&modestbranding=1&rel=0&autohide=1&playsinline=0&autoplay=0\" frameborder=\"0\" height=\"510\" loading=\"lazy\" name=\"\" referrerpolicy=\"strict-origin-when-cross-origin\" sandbox=\"allow-scripts allow-same-origin allow-presentation allow-popups allow-popups-to-escape-sandbox\" scrolling=\"no\" src=\"https:\/\/www.youtube-nocookie.com\/embed\/4SiPlYlbONU?feature=oembed&iv_load_policy=3&modestbranding=1&rel=0&autohide=1&playsinline=0&autoplay=0\" title=\"\" width=\"680\"><\/iframe>\n\t\t\t\n\t\t<\/div>\n\t\t\n\t<\/div>\n\t\n\t\n\t<script type=\"application\/ld+json\">{\"@context\":\"http:\\\/\\\/schema.org\\\/\",\"@id\":\"https:\\\/\\\/old.aldes-na.com\\\/fr\\\/ventilation-commerciale\\\/lentreprise\\\/aldes-et-qai\\\/#arve-youtube-4siplylbonu\",\"type\":\"VideoObject\",\"embedURL\":\"https:\\\/\\\/www.youtube-nocookie.com\\\/embed\\\/4SiPlYlbONU?feature=oembed&iv_load_policy=3&modestbranding=1&rel=0&autohide=1&playsinline=0&autoplay=0\"}<\/script>\n\t\n<\/div>\n<\/div><\/figure>\n\n\n\n<figure class=\"wp-block-embed is-type-video is-provider-youtube wp-block-embed-youtube\"><div style=\"display: contents;\" >\n\n<div data-mode=\"normal\" data-oembed=\"1\" data-provider=\"youtube\" id=\"arve-youtube-dlvoa5vsmy0\" style=\"max-width:680px;\" class=\"arve\">\n\t<div class=\"arve-inner\">\n\t\t<div style=\"aspect-ratio:4\/3\" class=\"arve-embed arve-embed--has-aspect-ratio\">\n\t\t\t<div class=\"arve-ar\" style=\"padding-top:75.000000%\"><\/div>\n\t\t\t<iframe allow=\"accelerometer &apos;none&apos;;autoplay &apos;none&apos;;bluetooth &apos;none&apos;;browsing-topics &apos;none&apos;;camera &apos;none&apos;;clipboard-read &apos;none&apos;;clipboard-write;display-capture &apos;none&apos;;encrypted-media &apos;none&apos;;gamepad &apos;none&apos;;geolocation &apos;none&apos;;gyroscope &apos;none&apos;;hid &apos;none&apos;;identity-credentials-get &apos;none&apos;;idle-detection &apos;none&apos;;keyboard-map &apos;none&apos;;local-fonts;magnetometer &apos;none&apos;;microphone &apos;none&apos;;midi &apos;none&apos;;otp-credentials &apos;none&apos;;payment &apos;none&apos;;picture-in-picture;publickey-credentials-create &apos;none&apos;;publickey-credentials-get &apos;none&apos;;screen-wake-lock &apos;none&apos;;serial &apos;none&apos;;summarizer &apos;none&apos;;sync-xhr;usb &apos;none&apos;;web-share;window-management &apos;none&apos;;xr-spatial-tracking &apos;none&apos;;\" allowfullscreen=\"\" class=\"arve-iframe fitvidsignore\" credentialless data-arve=\"arve-youtube-dlvoa5vsmy0\" data-lenis-prevent=\"\" data-src-no-ap=\"https:\/\/www.youtube-nocookie.com\/embed\/DlvOA5VSmY0?feature=oembed&iv_load_policy=3&modestbranding=1&rel=0&autohide=1&playsinline=0&autoplay=0\" frameborder=\"0\" height=\"510\" loading=\"lazy\" name=\"\" referrerpolicy=\"strict-origin-when-cross-origin\" sandbox=\"allow-scripts allow-same-origin allow-presentation allow-popups allow-popups-to-escape-sandbox\" scrolling=\"no\" src=\"https:\/\/www.youtube-nocookie.com\/embed\/DlvOA5VSmY0?feature=oembed&iv_load_policy=3&modestbranding=1&rel=0&autohide=1&playsinline=0&autoplay=0\" title=\"\" width=\"680\"><\/iframe>\n\t\t\t\n\t\t<\/div>\n\t\t\n\t<\/div>\n\t\n\t\n\t<script type=\"application\/ld+json\">{\"@context\":\"http:\\\/\\\/schema.org\\\/\",\"@id\":\"https:\\\/\\\/old.aldes-na.com\\\/fr\\\/ventilation-commerciale\\\/lentreprise\\\/aldes-et-qai\\\/#arve-youtube-dlvoa5vsmy0\",\"type\":\"VideoObject\",\"embedURL\":\"https:\\\/\\\/www.youtube-nocookie.com\\\/embed\\\/DlvOA5VSmY0?feature=oembed&iv_load_policy=3&modestbranding=1&rel=0&autohide=1&playsinline=0&autoplay=0\"}<\/script>\n\t\n<\/div>\n<\/div><\/figure>\n\n\n\n<figure class=\"wp-block-embed is-type-video is-provider-youtube wp-block-embed-youtube\"><div style=\"display: contents;\" >\n\n<div data-mode=\"normal\" data-oembed=\"1\" data-provider=\"youtube\" id=\"arve-youtube-eqlfyezsc4m\" style=\"max-width:680px;\" class=\"arve\">\n\t<div class=\"arve-inner\">\n\t\t<div style=\"aspect-ratio:4\/3\" class=\"arve-embed arve-embed--has-aspect-ratio\">\n\t\t\t<div class=\"arve-ar\" style=\"padding-top:75.000000%\"><\/div>\n\t\t\t<iframe allow=\"accelerometer &apos;none&apos;;autoplay &apos;none&apos;;bluetooth &apos;none&apos;;browsing-topics &apos;none&apos;;camera &apos;none&apos;;clipboard-read &apos;none&apos;;clipboard-write;display-capture &apos;none&apos;;encrypted-media &apos;none&apos;;gamepad &apos;none&apos;;geolocation &apos;none&apos;;gyroscope &apos;none&apos;;hid &apos;none&apos;;identity-credentials-get &apos;none&apos;;idle-detection &apos;none&apos;;keyboard-map &apos;none&apos;;local-fonts;magnetometer &apos;none&apos;;microphone &apos;none&apos;;midi &apos;none&apos;;otp-credentials &apos;none&apos;;payment &apos;none&apos;;picture-in-picture;publickey-credentials-create &apos;none&apos;;publickey-credentials-get &apos;none&apos;;screen-wake-lock &apos;none&apos;;serial &apos;none&apos;;summarizer &apos;none&apos;;sync-xhr;usb &apos;none&apos;;web-share;window-management &apos;none&apos;;xr-spatial-tracking &apos;none&apos;;\" allowfullscreen=\"\" class=\"arve-iframe fitvidsignore\" credentialless data-arve=\"arve-youtube-eqlfyezsc4m\" data-lenis-prevent=\"\" data-src-no-ap=\"https:\/\/www.youtube-nocookie.com\/embed\/eQLfYEzSC4M?feature=oembed&iv_load_policy=3&modestbranding=1&rel=0&autohide=1&playsinline=0&autoplay=0\" frameborder=\"0\" height=\"510\" loading=\"lazy\" name=\"\" referrerpolicy=\"strict-origin-when-cross-origin\" sandbox=\"allow-scripts allow-same-origin allow-presentation allow-popups allow-popups-to-escape-sandbox\" scrolling=\"no\" src=\"https:\/\/www.youtube-nocookie.com\/embed\/eQLfYEzSC4M?feature=oembed&iv_load_policy=3&modestbranding=1&rel=0&autohide=1&playsinline=0&autoplay=0\" title=\"\" width=\"680\"><\/iframe>\n\t\t\t\n\t\t<\/div>\n\t\t\n\t<\/div>\n\t\n\t\n\t<script type=\"application\/ld+json\">{\"@context\":\"http:\\\/\\\/schema.org\\\/\",\"@id\":\"https:\\\/\\\/old.aldes-na.com\\\/fr\\\/ventilation-commerciale\\\/lentreprise\\\/aldes-et-qai\\\/#arve-youtube-eqlfyezsc4m\",\"type\":\"VideoObject\",\"embedURL\":\"https:\\\/\\\/www.youtube-nocookie.com\\\/embed\\\/eQLfYEzSC4M?feature=oembed&iv_load_policy=3&modestbranding=1&rel=0&autohide=1&playsinline=0&autoplay=0\"}<\/script>\n\t\n<\/div>\n<\/div><\/figure>\n\n\n\n<p><\/p>\n\n\n\n<h2 class=\"wp-block-heading\">Plus que jamais, Aldes est \u00e0 vos c\u00f4t\u00e9s pour vous proposer des solutions de ventilation, essentielles pour r\u00e9duire les risques de contamination COVID-19<\/h2>\n\n\n\n<p>Les \u00e9tudes scientifiques r\u00e9centes le montrent : un espace bien ventil\u00e9 r\u00e9duit par 10 le risque de contamination par le SARS COV2*.&nbsp;&nbsp;En plus des avantages d\u00e9j\u00e0 connus (am\u00e9lioration de la qualit\u00e9 de sommeil, \u00e9vite d\u2019aggraver des sympt\u00f4mes des maladies respiratoires&#8230;), Il est av\u00e9r\u00e9 qu\u2019une bonne ventilation permet aussi de r\u00e9duire les risques de contamination. C&#8217;est pourquoi il est n\u00e9cessaire d\u2019avoir des solutions de ventilation et de purification d&#8217;air fiables et performantes\u2026d\u2019autant plus que le virus du COVID-19 semble devenir saisonnier comme la grippe. **<\/p>\n\n\n\n<p>Comment savoir si la pi\u00e8ce est bien ventil\u00e9e&nbsp;? Un des indicateurs cl\u00e9s est la concentration en dioxyde de carbone (CO2) dans une pi\u00e8ce. Ce gaz inodore et incolore naturellement pr\u00e9sent dans l&#8217;atmosph\u00e8re est \u00e9galement produit par les organismes vivants, dont l&#8217;Homme, lorsqu&#8217;il respire.&nbsp; La ma\u00eetrise du taux de CO2 dans les lieux clos est essentielle car plus le taux de CO2 est \u00e9lev\u00e9, plus l\u2019atmosph\u00e8re est confin\u00e9e et donc potentiellement dangereuse pour les occupants.&nbsp;Afin d\u2019assurer un taux de confinement minimal, la concentration de CO2 dans une pi\u00e8ce ne devrait pas d\u00e9passer 1000 ppm.<\/p>\n\n\n\n<p>Aldes sp\u00e9cialiste dans les solutions de qualit\u00e9 d&#8217;air int\u00e9rieur, se positionne \u00e0 vos c\u00f4t\u00e9s pour vous apporter des solutions compl\u00e8tes : mesure de&nbsp;CO2, solutions de ventilation adapt\u00e9es \u00e0 chaque projet, ainsi que les services d&#8217;accompagnement.<\/p>\n\n\n\n<hr class=\"wp-block-separator\"\/>\n\n\n\n<p class=\"has-medium-font-size\">Pour trouver le produit ALDES qui r\u00e9pond \u00e0 vos besoin, consultez nos <a href=\"https:\/\/www.aldes-na.com\/fr\/ventilation-commerciale\/\">solutions commerciales<\/a> et nos <a href=\"https:\/\/www.aldes-na.com\/fr\/ventilation-residentielle\/\">solutions r\u00e9sidentielles<\/a>. <\/p>\n","protected":false},"excerpt":{"rendered":"<p>La qualit\u00e9 d&#8217;air int\u00e9rieur, une affaire de tous&nbsp; 12.000 litres.&nbsp;C&#8217;est la quantit\u00e9 d&#8217;air que nous respirons chaque jour.&nbsp;12 000 litres d&#8217;air, c&#8217;est 26 000 respirations\u2026Puisque l&#8217;air ne sert pas qu\u2019\u00e0 respirer mais nous aide \u00e0 vivre une vie plus saine, Aldes s\u2019engage au quotidien pour&nbsp;contribuer \u00e0 prendre soin de la sant\u00e9 de chacun dans les&#8230;  <a class=\"excerpt-read-more\" href=\"https:\/\/old.aldes-na.com\/fr\/ventilation-commerciale\/lentreprise\/aldes-et-qai\/\" title=\"LireAldes et la QAI\">Lire la suite<\/a><\/p>\n","protected":false},"author":4,"featured_media":9943,"parent":8792,"menu_order":0,"comment_status":"closed","ping_status":"closed","template":"page-wide.php","meta":{"footnotes":""},"class_list":["post-16069","page","type-page","status-publish","has-post-thumbnail","hentry"],"acf":[],"_links":{"self":[{"href":"https:\/\/old.aldes-na.com\/fr\/wp-json\/wp\/v2\/pages\/16069","targetHints":{"allow":["GET"]}}],"collection":[{"href":"https:\/\/old.aldes-na.com\/fr\/wp-json\/wp\/v2\/pages"}],"about":[{"href":"https:\/\/old.aldes-na.com\/fr\/wp-json\/wp\/v2\/types\/page"}],"author":[{"embeddable":true,"href":"https:\/\/old.aldes-na.com\/fr\/wp-json\/wp\/v2\/users\/4"}],"replies":[{"embeddable":true,"href":"https:\/\/old.aldes-na.com\/fr\/wp-json\/wp\/v2\/comments?post=16069"}],"version-history":[{"count":8,"href":"https:\/\/old.aldes-na.com\/fr\/wp-json\/wp\/v2\/pages\/16069\/revisions"}],"predecessor-version":[{"id":17452,"href":"https:\/\/old.aldes-na.com\/fr\/wp-json\/wp\/v2\/pages\/16069\/revisions\/17452"}],"up":[{"embeddable":true,"href":"https:\/\/old.aldes-na.com\/fr\/wp-json\/wp\/v2\/pages\/8792"}],"wp:featuredmedia":[{"embeddable":true,"href":"https:\/\/old.aldes-na.com\/fr\/wp-json\/wp\/v2\/media\/9943"}],"wp:attachment":[{"href":"https:\/\/old.aldes-na.com\/fr\/wp-json\/wp\/v2\/media?parent=16069"}],"curies":[{"name":"wp","href":"https:\/\/api.w.org\/{rel}","templated":true}]}}