
{"id":10175,"date":"2020-11-24T19:28:22","date_gmt":"2020-11-25T00:28:22","guid":{"rendered":"http:\/\/webdesignofsarasota.com\/aldesdev\/?page_id=10175"},"modified":"2021-01-13T16:13:26","modified_gmt":"2021-01-13T21:13:26","slug":"avantages-pour-les-proprietaires","status":"publish","type":"page","link":"https:\/\/old.aldes-na.com\/fr\/ventilation-residentielle\/avantages-pour-les-proprietaires\/","title":{"rendered":"Avantages pour les propri\u00e9taires"},"content":{"rendered":"<p><strong>Efficacit\u00e9 \u00e9nerg\u00e9tique <\/strong>: des solutions &#8220;\u00e0 la demande&#8221; vous permettent de contr\u00f4ler la ventilation quand vous le souhaitez. Les r\u00e9gulateurs de d\u00e9bit d&#8217;air constant vous offrent l&#8217;option de r\u00e9glage facile et sans soucis. Les syst\u00e8mes de r\u00e9cup\u00e9ration de chaleur et d&#8217;\u00e9nergie garantissent que l&#8217;argent que vous d\u00e9pensez pour chauffer ou refroidir l&#8217;air de votre maison n&#8217;est pas perdu lorsque le syst\u00e8me introduit de l&#8217;air frais.<\/p>\n<p><strong>Rentable <\/strong>: la cote ENERGY STAR sur tous certaines unit\u00e9s signifie que les produits vous permettront d&#8217;\u00e9conomiser de l&#8217;argent sur les factures d&#8217;\u00e9nergie.<\/p>\n<p><strong>Produits silencieux <\/strong>: Les VRC\/VRE sont silencieux mais puissants. Vous saurez qu&#8217;ils fonctionnent gr\u00e2ce \u00e0 la qualit\u00e9 de l&#8217;air, pas au bruit du ventilateur.<\/p>\n<p><strong>Contr\u00f4le de vitesse <\/strong>: Besoin de plus ou moins d&#8217;air? Les ventilateurs Aldes et les VRC \/ VRE sont contr\u00f4lables en vitesse et les CAR peuvent \u00eatre r\u00e9gl\u00e9s \u00e0 diff\u00e9rentes vitesse, m\u00eame apr\u00e8s l&#8217;installation.<\/p>\n<p><strong>Contr\u00f4leurs et accessoires <\/strong>: Aldes propose plusieurs contr\u00f4leurs et accessoires compatibles pour compl\u00e9ter votre syst\u00e8me. Boostez l&#8217;\u00e9vacuation. R\u00e9glez la minuterie. Ces produits vous donnent le contr\u00f4le.<\/p>\n<p><strong>Construit pour durer <\/strong>: Une construction robuste, pratiquement aucun entretien et de longues garanties signifient que les produits Aldes continueront de fonctionner longtemps apr\u00e8s le d\u00e9part des entrepreneurs et des inspecteurs.<\/p>\n<p><strong>Garanties <\/strong>: Chez Aldes, nous garantissons nos produits pour plusieurs ann\u00e9es, vous garantissant ainsi une tranquillit\u00e9 d&#8217;esprit. Enregistez votre produit <a href=\"\/aldesdev?page_id=9414\">ICI<\/a>.<\/p>\n\n\n<h2 class=\"wp-block-heading\">Questions fr\u00e9quemment pos\u00e9es<\/h2>\n\n\n\n<div class=\"schema-faq wp-block-yoast-faq-block\"><div class=\"schema-faq-section\" id=\"faq-question-1607015150038\"><strong class=\"schema-faq-question\">Pourquoi une bonne ventilation est-elle importante?<br\/><\/strong> <p class=\"schema-faq-answer\">Une bonne ventilation a des avantages pour vous, votre famille, vos invit\u00e9s et votre maison. Si vous avez des animaux domestiques, vous savez que Fido peut laisser derri\u00e8re lui cette odeur d\u00e9sagr\u00e9able de \u00abchien mouill\u00e9\u00bb. Lorsque vous \u00eates en train de nettoyer, les produits que vous utilisez pour enlever des r\u00e9sidus de savon ou de grasse peuvent laisser des toxines persistantes. Les odeurs de friture peuvent persister longtemps apr\u00e8s la fin du repas. Pour votre confort, votre sant\u00e9 et votre bien-\u00eatre, il est important d&#8217;avoir un d\u00e9bit d&#8217;air continu \u00e0 faible niveau et la capacit\u00e9 d&#8217;augmenter le d\u00e9bit d&#8217;air lorsque vous en avez besoin &#8211; comme pour \u00e9liminer l&#8217;humidit\u00e9 apr\u00e8s une longue douche chaude. Elle vous gardera plus confortable ET pr\u00e9viendra la moisissure qui peuvent causer des probl\u00e8mes pulmonaires et diminuer la valeur de votre maison.<\/p> <\/div> <div class=\"schema-faq-section\" id=\"faq-question-1607015180428\"><strong class=\"schema-faq-question\">Comment savoir si ma maison est correctement ventil\u00e9e?<br\/><\/strong> <p class=\"schema-faq-answer\">Si votre maison semble \u00e9touffante et humide, si de la condensation s&#8217;accumule sur les fen\u00eatres, si la salle de bain montre des signes de moisissure ou si des odeurs persistent, votre maison pourrait \u00eatre sous-ventil\u00e9e. Si les co\u00fbts de chauffage et de climatisation semblent plus \u00e9lev\u00e9s qu\u2019ils ne devraient l\u2019\u00eatre, si votre maison semble venteuse, il se peut que vous ayez trop de ventilation ou des fuites d\u2019air. Lorsque votre maison est correctement scell\u00e9e et ventil\u00e9e avec un d\u00e9bit d&#8217;air appropri\u00e9, vous ne devriez rencontrer aucun de ces probl\u00e8mes. Petit conseil! Faites confiance \u00e0 votre nez, mais pas pour longtemps! Tout le monde a connu une \u00abfatigue olfactive\u00bb &#8211; vous remarquez une forte odeur &#8211; parfois agr\u00e9able comme la cuisine, la p\u00e2tisserie ou le parfum &#8211; ou une odeur d\u00e9sagr\u00e9able comme les odeurs vici\u00e9es laiss\u00e9es par le d\u00eener d&#8217;hier, le tabagisme, etc., mais en quelques minutes, vous ne distingu\u00e9s plus l&#8217;odeur. Pour tester votre maison, apr\u00e8s des vacances ou m\u00eame une longue promenade, portez une attention particuli\u00e8re \u00e0 votre premi\u00e8re r\u00e9action \u00e0 votre retour. Si la maison semble fra\u00eeche &#8211; super. Sinon, vous pouvez \u00eatre s\u00fbr que vous avez besoin de revoir votre ventilation pour maintenir un environnement sain. Nous disons donc &#8211; faites confiance \u00e0 votre nez, mais pas pour longtemps!<\/p> <\/div> <div class=\"schema-faq-section\" id=\"faq-question-1607015191073\"><strong class=\"schema-faq-question\">Quelle est la diff\u00e9rence entre la ventilation d&#8217;une salle de bain et la ventilation \u00abdans le reste de la maison\u00bb?<br\/><\/strong> <p class=\"schema-faq-answer\">Pour que toute votre maison ait une odeur et une sensation de fra\u00eecheur, il faut g\u00e9n\u00e9ralement une faible quantit\u00e9 d&#8217;air continu. Il y a certains facteurs \u00e0 prendre en compte, comme le nombre de personnes vivant dans votre maison, si vous avez des animaux domestiques, si vous cuisinez fr\u00e9quemment \u00e0 l&#8217;int\u00e9rieur, la taille de votre maison et la fa\u00e7on dont vous utilisez votre maison (avez-vous souvent des gens \u00e0 la maison? Fumez-vous?). Un entrepreneur en chauffage-climatisation-ventilation qualifi\u00e9 peut vous aider \u00e0 d\u00e9terminer la taille du syst\u00e8me dont vous avez besoin pour cela, et l&#8217;industrie appelle cette ventilation \u00abWhole house &#8211; toute la maison\u00bb. Vos salles de bain sont utilis\u00e9es diff\u00e9remment du reste de votre maison. Une douche peut mettre une pinte d&#8217;eau dans l&#8217;air, ce qui peut causer de graves probl\u00e8mes de moisissure et de rouille, et bien s\u00fbr une g\u00eane pour vous. Les ventilateurs de bain ont le pouvoir d&#8217;\u00e9vacuer rapidement cet air humide de votre salle de bain. L&#8217;industrie l&#8217;appelle parfois ventilation \u00abponctuelle\u00bb ou  par\u00abzone\u00bb. En fait, les ventilateurs de salle de bain \u00e9vacuent rapidement beaucoup d&#8217;air humide; la ventilation de toute la maison vous offre un faible volume d&#8217;air frais continu. Les deux sont importants pour vous garder en bonne sant\u00e9 et confortable et pour emp\u00eacher l&#8217;air de votre maison de devenir vici\u00e9 ou humide. Heureusement, vous n\u2019avez pas toujours besoin de deux syst\u00e8mes distincts pour cela. Aldes a brevet\u00e9 des syst\u00e8mes qui incluent la ventilation ponctuelle ou par zone (pour vos salles de bains) et la ventilation de toute la maison dans un seul syst\u00e8me. <\/p> <\/div> <div class=\"schema-faq-section\" id=\"faq-question-1607016236573\"><strong class=\"schema-faq-question\">Une bonne ventilation me permettra-t-elle d&#8217;\u00e9conomiser de l&#8217;argent sur mes factures d&#8217;\u00e9nergie?<br\/><\/strong> <p class=\"schema-faq-answer\">Une ventilation ad\u00e9quate vous fera \u00e9conomiser de l&#8217;argent sur les co\u00fbts de chauffage et de climatisation. Si vous ouvrez simplement une fen\u00eatre, au moins deux choses pourraient mal tourner. Premi\u00e8rement, vous ne pouvez pas contr\u00f4ler la mani\u00e8re dont l\u2019air circule, sa vitesse ou sa lenteur, ni m\u00eame ce qui entre exactement dans votre maison, comme le pollen. Deuxi\u00e8mement, l\u2019argent que vous avez d\u00e9j\u00e0 d\u00e9pens\u00e9 pour chauffer ou refroidir l\u2019air de votre maison va ressortir par la fen\u00eatre. Les syst\u00e8mes de ventilation vous permettent de contr\u00f4ler la quantit\u00e9 d\u2019air frais qui entre dans votre maison, la quantit\u00e9 d\u2019air vici\u00e9 ou humide qui sort de votre maison, et vous pouvez filtrer les choses que vous ne voulez pas entrer dans votre maison, comme le pollen. Et, si vous choisissez un ventilateur r\u00e9cup\u00e9rateur de chaleur ou d&#8217;\u00e9nergie, la temp\u00e9rature de l&#8217;air sortant de votre maison est r\u00e9cup\u00e9r\u00e9e par l&#8217;air entrant dans votre maison, de sorte que le co\u00fbt d&#8217;ajustement de la temp\u00e9rature de l&#8217;air ext\u00e9rieur frais entrant dans votre maison est minimis\u00e9.<br\/><br\/><\/p> <\/div> <div class=\"schema-faq-section\" id=\"faq-question-1607016244432\"><strong class=\"schema-faq-question\">Il y a de la condensation dans les fen\u00eatres, que se passe-t-il et comment y rem\u00e9dier?<br\/><\/strong> <p class=\"schema-faq-answer\">Dans les maisons herm\u00e9tiquement ferm\u00e9es &#8211; celles o\u00f9 les fen\u00eatres et les portes ne sont pas expos\u00e9es aux courants d\u2019air et o\u00f9 l\u2019isolation est bonne &#8211; l\u2019humidit\u00e9 peut s\u2019accumuler et provoquer de la condensation sur les fen\u00eatres si la maison n\u2019est pas correctement ventil\u00e9e. L&#8217;adulte moyen \u00e9met environ 2,5 litres d&#8217;eau par \u00e9vaporation de la peau et de la respiration chaque jour. En hiver, vous pouvez voir l&#8217;humidit\u00e9 de votre respiration \u00e0 l&#8217;ext\u00e9rieur, mais \u00e0 l&#8217;int\u00e9rieur, cette humidit\u00e9 est emprisonn\u00e9e dans des maisons herm\u00e9tiquement ferm\u00e9es. L&#8217;humidit\u00e9 peut s&#8217;accumuler si vous prenez de longues douches chaudes, de l&#8217;eau bouillante sur la cuisini\u00e8re, du repassage, si les enfants du quartier courent \u00e0 l&#8217;int\u00e9rieur de votre maison &#8211; g\u00e9n\u00e9ralement tout ce qui cr\u00e9\u00e9 beaucoup d&#8217;humidit\u00e9 dans l&#8217;air sans fa\u00e7on de l&#8217;\u00e9vacuer. Un syst\u00e8me de ventilation est la r\u00e9ponse; discutez avec votre entrepreneur pour savoir ce que pourrait \u00eatre le meilleur syst\u00e8me pour votre maison.<\/p> <\/div> <div class=\"schema-faq-section\" id=\"faq-question-1607016259181\"><strong class=\"schema-faq-question\">Je n&#8217;aime pas quand il y a de l&#8217;humidit\u00e9 dans la salle de bain, et je n&#8217;aime pas allumer le ventilateur bruyant de la salle de bain. Puis-je me d\u00e9barrasser de l&#8217;humidit\u00e9 sans le bruit?<br\/><\/strong> <p class=\"schema-faq-answer\">Absolument. Aldes a brevet\u00e9 des r\u00e9gulateurs de zone (ZRT\u00ae) qui feront exactement cela. Quand il est allum\u00e9, le fonctionnement efficace mais silencieux d\u00e9barrasse votre salle de bain de l&#8217;humidit\u00e9, mais vous n&#8217;aurez pas \u00e0 supporter le bruit. Mieux encore, une unit\u00e9 peut \u00eatre connect\u00e9e \u00e0 plusieurs salles de bains, vous n&#8217;aurez donc pas besoin d&#8217;acheter des ventilateurs individuels pour chaque salle de bain. <\/p> <\/div> <div class=\"schema-faq-section\" id=\"faq-question-1607016288685\"><strong class=\"schema-faq-question\">Si j&#8217;ach\u00e8te un syst\u00e8me de ventilation pour toute la maison et que je le fais installer, dois-je me soucier de l&#8217;allumer et de l&#8217;\u00e9teindre ou puis-je le r\u00e9gler et l&#8217;oublier?<br\/><\/strong> <p class=\"schema-faq-answer\">Avec les syst\u00e8mes pour toute la maison d&#8217;Aldes, vous pouvez profiter de tous les bienfaits de l&#8217;air frais sans lever le petit doigt. Beaucoup de nos syst\u00e8mes int\u00e8grent des r\u00e9gulateurs de d\u00e9bit d&#8217;air constant (CAR), qui sont con\u00e7us pour fournir un d\u00e9bit d&#8217;air continu. Votre installateur peut r\u00e9gler les CAR pour fournir la quantit\u00e9 exacte de d\u00e9bit  d&#8217;air qui convient parfaitement \u00e0 votre maison. <\/p> <\/div> <div class=\"schema-faq-section\" id=\"faq-question-1607016301131\"><strong class=\"schema-faq-question\">Mon fils est allergique au pollen. Comment faire entrer de l&#8217;air frais dans la maison sans introduire ces allerg\u00e8nes \u00e0 l&#8217;int\u00e9rieur?<\/strong> <p class=\"schema-faq-answer\"><br\/>Les syst\u00e8mes de ventilation avec filtres aident \u00e0 pi\u00e9ger le pollen et les allerg\u00e8nes avant qu&#8217;ils n&#8217;entrent dans votre maison tout en fournissant de l&#8217;air frais. Bien qu&#8217;aucun filtre ne puisse pi\u00e9ger toutes les impuret\u00e9s, les filtres pouvant \u00eatre utilis\u00e9s dans les ventilateurs \u00e0 r\u00e9cup\u00e9ration de chaleur et d&#8217;\u00e9nergie Aldes sont un moyen de les r\u00e9duire de l&#8217;air que vous respirez \u00e0 l&#8217;int\u00e9rieur. <\/p> <\/div> <\/div>\n","protected":false},"excerpt":{"rendered":"<p>Efficacit\u00e9 \u00e9nerg\u00e9tique : des solutions &#8220;\u00e0 la demande&#8221; vous permettent de contr\u00f4ler la ventilation quand vous le souhaitez. Les r\u00e9gulateurs de d\u00e9bit d&#8217;air constant vous offrent l&#8217;option de r\u00e9glage facile et sans soucis. Les syst\u00e8mes de r\u00e9cup\u00e9ration de chaleur et d&#8217;\u00e9nergie garantissent que l&#8217;argent que vous d\u00e9pensez pour chauffer ou refroidir l&#8217;air de votre maison&#8230;  <a class=\"excerpt-read-more\" href=\"https:\/\/old.aldes-na.com\/fr\/ventilation-residentielle\/avantages-pour-les-proprietaires\/\" title=\"LireAvantages pour les propri\u00e9taires\">Lire la suite<\/a><\/p>\n","protected":false},"author":4,"featured_media":0,"parent":8773,"menu_order":0,"comment_status":"closed","ping_status":"closed","template":"","meta":{"footnotes":""},"class_list":["post-10175","page","type-page","status-publish","hentry"],"acf":[],"_links":{"self":[{"href":"https:\/\/old.aldes-na.com\/fr\/wp-json\/wp\/v2\/pages\/10175","targetHints":{"allow":["GET"]}}],"collection":[{"href":"https:\/\/old.aldes-na.com\/fr\/wp-json\/wp\/v2\/pages"}],"about":[{"href":"https:\/\/old.aldes-na.com\/fr\/wp-json\/wp\/v2\/types\/page"}],"author":[{"embeddable":true,"href":"https:\/\/old.aldes-na.com\/fr\/wp-json\/wp\/v2\/users\/4"}],"replies":[{"embeddable":true,"href":"https:\/\/old.aldes-na.com\/fr\/wp-json\/wp\/v2\/comments?post=10175"}],"version-history":[{"count":10,"href":"https:\/\/old.aldes-na.com\/fr\/wp-json\/wp\/v2\/pages\/10175\/revisions"}],"predecessor-version":[{"id":12993,"href":"https:\/\/old.aldes-na.com\/fr\/wp-json\/wp\/v2\/pages\/10175\/revisions\/12993"}],"up":[{"embeddable":true,"href":"https:\/\/old.aldes-na.com\/fr\/wp-json\/wp\/v2\/pages\/8773"}],"wp:attachment":[{"href":"https:\/\/old.aldes-na.com\/fr\/wp-json\/wp\/v2\/media?parent=10175"}],"curies":[{"name":"wp","href":"https:\/\/api.w.org\/{rel}","templated":true}]}}