
{"id":10166,"date":"2020-11-24T19:15:21","date_gmt":"2020-11-25T00:15:21","guid":{"rendered":"http:\/\/webdesignofsarasota.com\/aldesdev\/?page_id=10166"},"modified":"2024-12-23T14:31:02","modified_gmt":"2024-12-23T19:31:02","slug":"ressources","status":"publish","type":"page","link":"https:\/\/old.aldes-na.com\/fr\/ventilation-residentielle\/ressources\/","title":{"rendered":"Ressources"},"content":{"rendered":"<div id=\"pl-10166\"  class=\"panel-layout\" ><div id=\"pg-10166-0\"  class=\"panel-grid panel-has-style\" ><div class=\"resources-section panel-row-style panel-row-style-for-10166-0\" ><div id=\"pgc-10166-0-0\"  class=\"panel-grid-cell\" ><div id=\"panel-10166-0-0-0\" class=\"so-panel widget widget_sow-editor panel-first-child\" data-index=\"0\" ><div\n\t\t\t\n\t\t\tclass=\"so-widget-sow-editor so-widget-sow-editor-base\"\n\t\t\t\n\t\t><h3 class=\"widget-title\">Documents de l'entreprise<\/h3>\n<div class=\"siteorigin-widget-tinymce textwidget\">\n\t<div class=\"siteorigin-widget-tinymce textwidget\">\n<div class=\"siteorigin-widget-tinymce textwidget\">\n<ul>\n<li><strong><a href=\"https:\/\/acrobat.adobe.com\/link\/track?uri=urn:aaid:scds:US:20b1ad54-2b14-318b-8ed0-832026d22d26\" target=\"_blank\" rel=\"noopener noreferrer\">Garantie & Limitations<\/a><\/strong><\/li>\n<li><strong><a title=\"Freight Policy_Customers_0812\" href=\"https:\/\/acrobat.adobe.com\/link\/track?uri=urn:aaid:scds:US:5ad4f07b-de48-38d4-a2d2-08f01bb84409\" target=\"_blank\" rel=\"noopener noreferrer\">Politique de fret<\/a><\/strong><\/li>\n<\/ul>\n<\/div>\n<\/div>\n<\/div>\n<\/div><\/div><div id=\"panel-10166-0-0-1\" class=\"so-panel widget widget_sow-editor\" data-index=\"1\" ><div\n\t\t\t\n\t\t\tclass=\"so-widget-sow-editor so-widget-sow-editor-base\"\n\t\t\t\n\t\t><h3 class=\"widget-title\">Manuels d'installation r\u00e9sidentiele<\/h3>\n<div class=\"siteorigin-widget-tinymce textwidget\">\n\t<div class=\"siteorigin-widget-tinymce textwidget\">\n<div class=\"siteorigin-widget-tinymce textwidget\">\n<ul>\n<li><strong><a href=\"https:\/\/www.aldes-na.com\/wp-content\/uploads\/2021\/10\/609605_Residential_IOM-FR-R8.pdf\" target=\"_blank\" rel=\"noopener noreferrer\">R\u00e9sidentiel<\/a><\/strong><\/li>\n<li><strong><a title=\"Freight Policy_Customers_0812\" href=\"https:\/\/www.aldes-na.com\/wp-content\/uploads\/2021\/06\/609607_InspirAIR_Compact_IOM-FR-R7.pdf\" target=\"_blank\" rel=\"noopener noreferrer\">InspirAIR Compact<\/a><\/strong><\/li>\n<\/ul>\n<\/div>\n<\/div>\n<\/div>\n<\/div><\/div><div id=\"panel-10166-0-0-2\" class=\"so-panel widget widget_sow-editor panel-last-child\" data-index=\"2\" ><div\n\t\t\t\n\t\t\tclass=\"so-widget-sow-editor so-widget-sow-editor-base\"\n\t\t\t\n\t\t><h3 class=\"widget-title\">Outils<\/h3>\n<div class=\"siteorigin-widget-tinymce textwidget\">\n\t<p><a href=\"https:\/\/library.aldes-na.com\/category\/all-categories\"><strong>Biblioth\u00e8que CAD et BIM<\/strong><\/a><\/p>\n<p><strong><a href=\"https:\/\/www.aldes-na.com\/wp-content\/uploads\/2024\/12\/Foire-aux-questions-echangeurs-dair-201224.pdf\">Foire aux questions - \u00c9changeurs d'air<\/a><\/strong><\/p>\n<p><strong><a href=\"https:\/\/www.aldes-na.com\/wp-content\/uploads\/2024\/12\/FR-CA-FAQ-PRODUITS-AIRSIDE-231224.pdf\">Foire aux questions - Produits Airside<\/a><\/strong><\/p>\n<\/div>\n<\/div><\/div><\/div><\/div><\/div><div id=\"pg-10166-1\"  class=\"panel-grid panel-no-style\" ><div id=\"pgc-10166-1-0\"  class=\"panel-grid-cell\" ><div id=\"panel-10166-1-0-0\" class=\"so-panel widget widget_sow-editor panel-first-child panel-last-child\" data-index=\"3\" ><div\n\t\t\t\n\t\t\tclass=\"so-widget-sow-editor so-widget-sow-editor-base\"\n\t\t\t\n\t\t><h3 class=\"widget-title\">Vid\u00e9os<\/h3>\n<div class=\"siteorigin-widget-tinymce textwidget\">\n\t<\/div>\n<\/div><\/div><\/div><\/div><div id=\"pg-10166-2\"  class=\"panel-grid panel-no-style\" ><div id=\"pgc-10166-2-0\"  class=\"panel-grid-cell\" ><div id=\"panel-10166-2-0-0\" class=\"so-panel widget widget_sow-editor panel-first-child panel-last-child\" data-index=\"4\" ><div\n\t\t\t\n\t\t\tclass=\"so-widget-sow-editor so-widget-sow-editor-base\"\n\t\t\t\n\t\t>\n<div class=\"siteorigin-widget-tinymce textwidget\">\n\t<div data-mode=\"normal\" data-oembed=\"1\" data-provider=\"youtube\" id=\"arve-youtube-jrh2vx6hflq-2\" style=\"max-width:680px;\" class=\"arve\">\n<div class=\"arve-inner\">\n<div style=\"aspect-ratio:680\/383\" class=\"arve-embed arve-embed--has-aspect-ratio\">\n<div class=\"arve-ar\" style=\"padding-top:56.323529%\"><\/div>\n<p>\t\t\t<iframe allow=\"accelerometer &apos;none&apos;;autoplay &apos;none&apos;;bluetooth &apos;none&apos;;browsing-topics &apos;none&apos;;camera &apos;none&apos;;clipboard-read &apos;none&apos;;clipboard-write;display-capture &apos;none&apos;;encrypted-media &apos;none&apos;;gamepad &apos;none&apos;;geolocation &apos;none&apos;;gyroscope &apos;none&apos;;hid &apos;none&apos;;identity-credentials-get &apos;none&apos;;idle-detection &apos;none&apos;;keyboard-map &apos;none&apos;;local-fonts;magnetometer &apos;none&apos;;microphone &apos;none&apos;;midi &apos;none&apos;;otp-credentials &apos;none&apos;;payment &apos;none&apos;;picture-in-picture;publickey-credentials-create &apos;none&apos;;publickey-credentials-get &apos;none&apos;;screen-wake-lock &apos;none&apos;;serial &apos;none&apos;;summarizer &apos;none&apos;;sync-xhr;usb &apos;none&apos;;web-share;window-management &apos;none&apos;;xr-spatial-tracking &apos;none&apos;;\" allowfullscreen=\"\" class=\"arve-iframe fitvidsignore\" credentialless data-arve=\"arve-youtube-jrh2vx6hflq-2\" data-lenis-prevent=\"\" data-src-no-ap=\"https:\/\/www.youtube-nocookie.com\/embed\/jrh2vx6HFlQ?feature=oembed&iv_load_policy=3&modestbranding=1&rel=0&autohide=1&playsinline=0&autoplay=0\" frameborder=\"0\" height=\"383\" loading=\"lazy\" name=\"\" referrerpolicy=\"strict-origin-when-cross-origin\" sandbox=\"allow-scripts allow-same-origin allow-presentation allow-popups allow-popups-to-escape-sandbox\" scrolling=\"no\" src=\"https:\/\/www.youtube-nocookie.com\/embed\/jrh2vx6HFlQ?feature=oembed&iv_load_policy=3&modestbranding=1&rel=0&autohide=1&playsinline=0&autoplay=0\" title=\"\" width=\"680\"><\/iframe><\/p><\/div>\n<\/p><\/div>\n<p>\t<script type=\"application\/ld+json\">{\"@context\":\"http:\\\/\\\/schema.org\\\/\",\"@id\":\"https:\\\/\\\/old.aldes-na.com\\\/fr\\\/ventilation-residentielle\\\/ressources\\\/#arve-youtube-jrh2vx6hflq-2\",\"type\":\"VideoObject\",\"embedURL\":\"https:\\\/\\\/www.youtube-nocookie.com\\\/embed\\\/jrh2vx6HFlQ?feature=oembed&iv_load_policy=3&modestbranding=1&rel=0&autohide=1&playsinline=0&autoplay=0\"}<\/script><\/p>\n<\/div>\n<\/div>\n<\/div><\/div><\/div><div id=\"pgc-10166-2-1\"  class=\"panel-grid-cell\" ><div id=\"panel-10166-2-1-0\" class=\"so-panel widget widget_sow-editor panel-first-child panel-last-child\" data-index=\"5\" ><div\n\t\t\t\n\t\t\tclass=\"so-widget-sow-editor so-widget-sow-editor-base\"\n\t\t\t\n\t\t>\n<div class=\"siteorigin-widget-tinymce textwidget\">\n\t<div data-mode=\"normal\" data-oembed=\"1\" data-provider=\"youtube\" id=\"arve-youtube-ebe0x_eietw-2\" style=\"max-width:680px;\" class=\"arve\">\n<div class=\"arve-inner\">\n<div style=\"aspect-ratio:680\/383\" class=\"arve-embed arve-embed--has-aspect-ratio\">\n<div class=\"arve-ar\" style=\"padding-top:56.323529%\"><\/div>\n<p>\t\t\t<iframe allow=\"accelerometer &apos;none&apos;;autoplay &apos;none&apos;;bluetooth &apos;none&apos;;browsing-topics &apos;none&apos;;camera &apos;none&apos;;clipboard-read &apos;none&apos;;clipboard-write;display-capture &apos;none&apos;;encrypted-media &apos;none&apos;;gamepad &apos;none&apos;;geolocation &apos;none&apos;;gyroscope &apos;none&apos;;hid &apos;none&apos;;identity-credentials-get &apos;none&apos;;idle-detection &apos;none&apos;;keyboard-map &apos;none&apos;;local-fonts;magnetometer &apos;none&apos;;microphone &apos;none&apos;;midi &apos;none&apos;;otp-credentials &apos;none&apos;;payment &apos;none&apos;;picture-in-picture;publickey-credentials-create &apos;none&apos;;publickey-credentials-get &apos;none&apos;;screen-wake-lock &apos;none&apos;;serial &apos;none&apos;;summarizer &apos;none&apos;;sync-xhr;usb &apos;none&apos;;web-share;window-management &apos;none&apos;;xr-spatial-tracking &apos;none&apos;;\" allowfullscreen=\"\" class=\"arve-iframe fitvidsignore\" credentialless data-arve=\"arve-youtube-ebe0x_eietw-2\" data-lenis-prevent=\"\" data-src-no-ap=\"https:\/\/www.youtube-nocookie.com\/embed\/EBe0X_eieTw?feature=oembed&iv_load_policy=3&modestbranding=1&rel=0&autohide=1&playsinline=0&autoplay=0\" frameborder=\"0\" height=\"383\" loading=\"lazy\" name=\"\" referrerpolicy=\"strict-origin-when-cross-origin\" sandbox=\"allow-scripts allow-same-origin allow-presentation allow-popups allow-popups-to-escape-sandbox\" scrolling=\"no\" src=\"https:\/\/www.youtube-nocookie.com\/embed\/EBe0X_eieTw?feature=oembed&iv_load_policy=3&modestbranding=1&rel=0&autohide=1&playsinline=0&autoplay=0\" title=\"\" width=\"680\"><\/iframe><\/p><\/div>\n<\/p><\/div>\n<p>\t<script type=\"application\/ld+json\">{\"@context\":\"http:\\\/\\\/schema.org\\\/\",\"@id\":\"https:\\\/\\\/old.aldes-na.com\\\/fr\\\/ventilation-residentielle\\\/ressources\\\/#arve-youtube-ebe0x_eietw-2\",\"type\":\"VideoObject\",\"embedURL\":\"https:\\\/\\\/www.youtube-nocookie.com\\\/embed\\\/EBe0X_eieTw?feature=oembed&iv_load_policy=3&modestbranding=1&rel=0&autohide=1&playsinline=0&autoplay=0\"}<\/script><\/p>\n<\/div>\n<\/div>\n<\/div><\/div><\/div><div id=\"pgc-10166-2-2\"  class=\"panel-grid-cell\" ><div id=\"panel-10166-2-2-0\" class=\"so-panel widget widget_sow-editor panel-first-child panel-last-child\" data-index=\"6\" ><div\n\t\t\t\n\t\t\tclass=\"so-widget-sow-editor so-widget-sow-editor-base\"\n\t\t\t\n\t\t>\n<div class=\"siteorigin-widget-tinymce textwidget\">\n\t<div data-mode=\"normal\" data-oembed=\"1\" data-provider=\"youtube\" id=\"arve-youtube-n9yck2v5vjk-2\" style=\"max-width:680px;\" class=\"arve\">\n<div class=\"arve-inner\">\n<div style=\"aspect-ratio:4\/3\" class=\"arve-embed arve-embed--has-aspect-ratio\">\n<div class=\"arve-ar\" style=\"padding-top:75.000000%\"><\/div>\n<p>\t\t\t<iframe allow=\"accelerometer &apos;none&apos;;autoplay &apos;none&apos;;bluetooth &apos;none&apos;;browsing-topics &apos;none&apos;;camera &apos;none&apos;;clipboard-read &apos;none&apos;;clipboard-write;display-capture &apos;none&apos;;encrypted-media &apos;none&apos;;gamepad &apos;none&apos;;geolocation &apos;none&apos;;gyroscope &apos;none&apos;;hid &apos;none&apos;;identity-credentials-get &apos;none&apos;;idle-detection &apos;none&apos;;keyboard-map &apos;none&apos;;local-fonts;magnetometer &apos;none&apos;;microphone &apos;none&apos;;midi &apos;none&apos;;otp-credentials &apos;none&apos;;payment &apos;none&apos;;picture-in-picture;publickey-credentials-create &apos;none&apos;;publickey-credentials-get &apos;none&apos;;screen-wake-lock &apos;none&apos;;serial &apos;none&apos;;summarizer &apos;none&apos;;sync-xhr;usb &apos;none&apos;;web-share;window-management &apos;none&apos;;xr-spatial-tracking &apos;none&apos;;\" allowfullscreen=\"\" class=\"arve-iframe fitvidsignore\" credentialless data-arve=\"arve-youtube-n9yck2v5vjk-2\" data-lenis-prevent=\"\" data-src-no-ap=\"https:\/\/www.youtube-nocookie.com\/embed\/N9ycK2V5vJk?feature=oembed&iv_load_policy=3&modestbranding=1&rel=0&autohide=1&playsinline=0&autoplay=0\" frameborder=\"0\" height=\"510\" loading=\"lazy\" name=\"\" referrerpolicy=\"strict-origin-when-cross-origin\" sandbox=\"allow-scripts allow-same-origin allow-presentation allow-popups allow-popups-to-escape-sandbox\" scrolling=\"no\" src=\"https:\/\/www.youtube-nocookie.com\/embed\/N9ycK2V5vJk?feature=oembed&iv_load_policy=3&modestbranding=1&rel=0&autohide=1&playsinline=0&autoplay=0\" title=\"\" width=\"680\"><\/iframe><\/p><\/div>\n<\/p><\/div>\n<p>\t<script type=\"application\/ld+json\">{\"@context\":\"http:\\\/\\\/schema.org\\\/\",\"@id\":\"https:\\\/\\\/old.aldes-na.com\\\/fr\\\/ventilation-residentielle\\\/ressources\\\/#arve-youtube-n9yck2v5vjk-2\",\"type\":\"VideoObject\",\"embedURL\":\"https:\\\/\\\/www.youtube-nocookie.com\\\/embed\\\/N9ycK2V5vJk?feature=oembed&iv_load_policy=3&modestbranding=1&rel=0&autohide=1&playsinline=0&autoplay=0\"}<\/script><\/p>\n<\/div>\n<\/div>\n<\/div><\/div><\/div><\/div><\/div>","protected":false},"excerpt":{"rendered":"<p>Garantie &amp; Limitations Politique de fret R\u00e9sidentiel InspirAIR Compact Biblioth\u00e8que CAD et BIM Foire aux questions &#8211; \u00c9changeurs d&#8217;air Foire aux questions &#8211; Produits Airside<\/p>\n","protected":false},"author":4,"featured_media":0,"parent":8773,"menu_order":0,"comment_status":"closed","ping_status":"closed","template":"page-wide.php","meta":{"footnotes":""},"class_list":["post-10166","page","type-page","status-publish","hentry"],"acf":[],"_links":{"self":[{"href":"https:\/\/old.aldes-na.com\/fr\/wp-json\/wp\/v2\/pages\/10166","targetHints":{"allow":["GET"]}}],"collection":[{"href":"https:\/\/old.aldes-na.com\/fr\/wp-json\/wp\/v2\/pages"}],"about":[{"href":"https:\/\/old.aldes-na.com\/fr\/wp-json\/wp\/v2\/types\/page"}],"author":[{"embeddable":true,"href":"https:\/\/old.aldes-na.com\/fr\/wp-json\/wp\/v2\/users\/4"}],"replies":[{"embeddable":true,"href":"https:\/\/old.aldes-na.com\/fr\/wp-json\/wp\/v2\/comments?post=10166"}],"version-history":[{"count":31,"href":"https:\/\/old.aldes-na.com\/fr\/wp-json\/wp\/v2\/pages\/10166\/revisions"}],"predecessor-version":[{"id":23259,"href":"https:\/\/old.aldes-na.com\/fr\/wp-json\/wp\/v2\/pages\/10166\/revisions\/23259"}],"up":[{"embeddable":true,"href":"https:\/\/old.aldes-na.com\/fr\/wp-json\/wp\/v2\/pages\/8773"}],"wp:attachment":[{"href":"https:\/\/old.aldes-na.com\/fr\/wp-json\/wp\/v2\/media?parent=10166"}],"curies":[{"name":"wp","href":"https:\/\/api.w.org\/{rel}","templated":true}]}}